{"id":480,"date":"2025-03-27T06:00:58","date_gmt":"2025-03-27T06:00:58","guid":{"rendered":"https:\/\/inthrace.unitbv.ro\/?page_id=480"},"modified":"2026-01-10T22:02:31","modified_gmt":"2026-01-10T20:02:31","slug":"sobre-o-projeto","status":"publish","type":"page","link":"https:\/\/inthrace.unitbv.ro\/index.php\/pt\/sobre-o-projeto\/","title":{"rendered":"About project PT"},"content":{"rendered":"\t\t<div data-elementor-type=\"wp-page\" data-elementor-id=\"480\" class=\"elementor elementor-480\" data-elementor-settings=\"{&quot;element_pack_global_tooltip_width&quot;:{&quot;unit&quot;:&quot;px&quot;,&quot;size&quot;:&quot;&quot;,&quot;sizes&quot;:[]},&quot;element_pack_global_tooltip_width_widescreen&quot;:{&quot;unit&quot;:&quot;px&quot;,&quot;size&quot;:&quot;&quot;,&quot;sizes&quot;:[]},&quot;element_pack_global_tooltip_width_laptop&quot;:{&quot;unit&quot;:&quot;px&quot;,&quot;size&quot;:&quot;&quot;,&quot;sizes&quot;:[]},&quot;element_pack_global_tooltip_width_tablet&quot;:{&quot;unit&quot;:&quot;px&quot;,&quot;size&quot;:&quot;&quot;,&quot;sizes&quot;:[]},&quot;element_pack_global_tooltip_width_mobile&quot;:{&quot;unit&quot;:&quot;px&quot;,&quot;size&quot;:&quot;&quot;,&quot;sizes&quot;:[]},&quot;element_pack_global_tooltip_padding&quot;:{&quot;unit&quot;:&quot;px&quot;,&quot;top&quot;:&quot;&quot;,&quot;right&quot;:&quot;&quot;,&quot;bottom&quot;:&quot;&quot;,&quot;left&quot;:&quot;&quot;,&quot;isLinked&quot;:true},&quot;element_pack_global_tooltip_padding_widescreen&quot;:{&quot;unit&quot;:&quot;px&quot;,&quot;top&quot;:&quot;&quot;,&quot;right&quot;:&quot;&quot;,&quot;bottom&quot;:&quot;&quot;,&quot;left&quot;:&quot;&quot;,&quot;isLinked&quot;:true},&quot;element_pack_global_tooltip_padding_laptop&quot;:{&quot;unit&quot;:&quot;px&quot;,&quot;top&quot;:&quot;&quot;,&quot;right&quot;:&quot;&quot;,&quot;bottom&quot;:&quot;&quot;,&quot;left&quot;:&quot;&quot;,&quot;isLinked&quot;:true},&quot;element_pack_global_tooltip_padding_tablet&quot;:{&quot;unit&quot;:&quot;px&quot;,&quot;top&quot;:&quot;&quot;,&quot;right&quot;:&quot;&quot;,&quot;bottom&quot;:&quot;&quot;,&quot;left&quot;:&quot;&quot;,&quot;isLinked&quot;:true},&quot;element_pack_global_tooltip_padding_mobile&quot;:{&quot;unit&quot;:&quot;px&quot;,&quot;top&quot;:&quot;&quot;,&quot;right&quot;:&quot;&quot;,&quot;bottom&quot;:&quot;&quot;,&quot;left&quot;:&quot;&quot;,&quot;isLinked&quot;:true},&quot;element_pack_global_tooltip_border_radius&quot;:{&quot;unit&quot;:&quot;px&quot;,&quot;top&quot;:&quot;&quot;,&quot;right&quot;:&quot;&quot;,&quot;bottom&quot;:&quot;&quot;,&quot;left&quot;:&quot;&quot;,&quot;isLinked&quot;:true},&quot;element_pack_global_tooltip_border_radius_widescreen&quot;:{&quot;unit&quot;:&quot;px&quot;,&quot;top&quot;:&quot;&quot;,&quot;right&quot;:&quot;&quot;,&quot;bottom&quot;:&quot;&quot;,&quot;left&quot;:&quot;&quot;,&quot;isLinked&quot;:true},&quot;element_pack_global_tooltip_border_radius_laptop&quot;:{&quot;unit&quot;:&quot;px&quot;,&quot;top&quot;:&quot;&quot;,&quot;right&quot;:&quot;&quot;,&quot;bottom&quot;:&quot;&quot;,&quot;left&quot;:&quot;&quot;,&quot;isLinked&quot;:true},&quot;element_pack_global_tooltip_border_radius_tablet&quot;:{&quot;unit&quot;:&quot;px&quot;,&quot;top&quot;:&quot;&quot;,&quot;right&quot;:&quot;&quot;,&quot;bottom&quot;:&quot;&quot;,&quot;left&quot;:&quot;&quot;,&quot;isLinked&quot;:true},&quot;element_pack_global_tooltip_border_radius_mobile&quot;:{&quot;unit&quot;:&quot;px&quot;,&quot;top&quot;:&quot;&quot;,&quot;right&quot;:&quot;&quot;,&quot;bottom&quot;:&quot;&quot;,&quot;left&quot;:&quot;&quot;,&quot;isLinked&quot;:true}}\" data-elementor-post-type=\"page\">\n\t\t\t\t<div class=\"elementor-element elementor-element-ca6e49d e-flex e-con-boxed e-con e-parent\" data-id=\"ca6e49d\" data-element_type=\"container\" data-e-type=\"container\">\n\t\t\t\t\t<div class=\"e-con-inner\">\n\t\t\t\t<div class=\"elementor-element elementor-element-42f0d9a elementor-widget-divider--view-line elementor-widget elementor-widget-divider\" data-id=\"42f0d9a\" data-element_type=\"widget\" data-e-type=\"widget\" data-widget_type=\"divider.default\">\n\t\t\t\t<div class=\"elementor-widget-container\">\n\t\t\t\t\t\t\t<div class=\"elementor-divider\">\n\t\t\t<span class=\"elementor-divider-separator\">\n\t\t\t\t\t\t<\/span>\n\t\t<\/div>\n\t\t\t\t\t\t<\/div>\n\t\t\t\t<\/div>\n\t\t\t\t\t<\/div>\n\t\t\t\t<\/div>\n\t\t<div class=\"elementor-element elementor-element-aff6d5b e-flex e-con-boxed e-con e-parent\" data-id=\"aff6d5b\" data-element_type=\"container\" data-e-type=\"container\">\n\t\t\t\t\t<div class=\"e-con-inner\">\n\t\t\t\t<div class=\"elementor-element elementor-element-1cdedd1 elementor-headline--style-highlight elementor-widget elementor-widget-animated-headline\" data-id=\"1cdedd1\" data-element_type=\"widget\" data-e-type=\"widget\" data-settings=\"{&quot;highlighted_text&quot;:&quot;Valorizar&quot;,&quot;headline_style&quot;:&quot;highlight&quot;,&quot;marker&quot;:&quot;circle&quot;,&quot;loop&quot;:&quot;yes&quot;,&quot;highlight_animation_duration&quot;:1200,&quot;highlight_iteration_delay&quot;:8000}\" data-widget_type=\"animated-headline.default\">\n\t\t\t\t<div class=\"elementor-widget-container\">\n\t\t\t\t\t\t\t<h3 class=\"elementor-headline\">\n\t\t\t\t<span class=\"elementor-headline-dynamic-wrapper elementor-headline-text-wrapper\">\n\t\t\t\t\t<span class=\"elementor-headline-dynamic-text elementor-headline-text-active\">Valorizar<\/span>\n\t\t\t\t<\/span>\n\t\t\t\t\t<span class=\"elementor-headline-plain-text elementor-headline-text-wrapper\">o nosso patrim\u00f3nio comum<\/span>\n\t\t\t\t\t<\/h3>\n\t\t\t\t\t\t<\/div>\n\t\t\t\t<\/div>\n\t\t\t\t\t<\/div>\n\t\t\t\t<\/div>\n\t\t<div class=\"elementor-element elementor-element-5ae2cab e-flex e-con-boxed e-con e-parent\" data-id=\"5ae2cab\" data-element_type=\"container\" data-e-type=\"container\">\n\t\t\t\t\t<div class=\"e-con-inner\">\n\t\t\t\t<div class=\"elementor-element elementor-element-fd96bfe elementor-widget elementor-widget-html\" data-id=\"fd96bfe\" data-element_type=\"widget\" data-e-type=\"widget\" data-widget_type=\"html.default\">\n\t\t\t\t<div class=\"elementor-widget-container\">\n\t\t\t\t\t<!-- Navega\u00e7\u00e3o -->\n<nav class=\"page-nav\">\n  <ul>\n    <li>\n      <a href=\"https:\/\/inthrace.unitbv.ro\/index.php\/pt\/home-pt\/\">In\u00edcio<\/a>\n    <\/li>\n    <li><a href=\"#welcome\">Bem-vindo<\/a><\/li>\n    <li><a href=\"#about\">Sobre o projeto<\/a><\/li>\n    <li><a href=\"#partners\">Parceiros<\/a><\/li>\n    <li><a href=\"#mission\">Miss\u00e3o e Objetivos<\/a><\/li>\n  <\/ul>\n<\/nav>\n\n<!-- Styles -->\n<style>\nhtml {\n  scroll-behavior: smooth;\n}\nbody, p, ul, li, h3 {\n  font-family: Arial, sans-serif;\n  font-size: 16px;\n}\n.page-nav {\n  position: sticky;\n  top: 0;\n  z-index: 999;\n  background: #f9fafb;\n  padding: 1rem;\n  text-align: center;\n  box-shadow: 0 2px 8px rgba(0, 0, 0, 0.1);\n}\n.page-nav ul {\n  list-style: none;\n  padding: 0;\n  margin: 0;\n  display: flex;\n  justify-content: center;\n  gap: 2rem;\n  flex-wrap: wrap;\n}\n.page-nav a {\n  color: #333;\n  font-weight: bold;\n  text-decoration: none;\n  transition: color 0.3s ease;\n}\n.page-nav a:hover {\n  color: #facc15;\n}\n.section-container {\n  padding: 3rem 2rem;\n  margin-bottom: 2rem;\n  border-radius: 15px;\n  background-color: #f3f4f6;\n  box-shadow: 0 4px 12px rgba(0, 0, 0, 0.05);\n}\n.welcome-section {\n  background: linear-gradient(145deg, #f0f4f8, #ffffff);\n  text-align: center;\n}\n.welcome-content h1 {\n  font-size: 2.8rem;\n  color: #facc15;\n}\n.welcome-content .highlight {\n  color: #1a1a1a;\n}\n.welcome-content p {\n  font-size: 1.2rem;\n  color: #333;\n  max-width: 700px;\n  margin: 0 auto;\n  line-height: 1.6;\n}\n.erasmus-bg {\n  background-color: #ffffff;\n}\n.erasmus-content {\n  max-width: 960px;\n  margin: 0 auto;\n  padding: 2rem;\n  border-radius: 12px;\n  text-align: center;\n  color: #1a1a1a;\n}\n.erasmus-logo {\n  max-width: 200px;\n  height: auto;\n  margin-bottom: 1.2rem;\n  border-radius: 8px;\n}\n.erasmus-content h3 {\n  font-size: 1.25rem;\n  text-align: center;\n}\n.erasmus-content p {\n  text-align: justify;\n}\n.erasmus-button {\n  display: inline-block;\n  background-color: #facc15;\n  color: #000;\n  padding: 0.75rem 1.5rem;\n  border-radius: 8px;\n  text-decoration: none;\n  font-weight: bold;\n  transition: background 0.3s ease;\n  margin-top: 1rem;\n}\n.erasmus-button:hover {\n  background-color: #ffe066;\n}\n.mission-icon {\n  width: 32px;\n  height: 32px;\n  margin-top: 3px;\n  flex-shrink: 0;\n  opacity: 0.8;\n  filter: grayscale(100%);\n}\n.mission-box {\n  background-color: #f9fafb;\n  border-left: 3px solid #facc15;\n  padding: 1rem;\n  border-radius: 6px;\n  box-shadow: 0 1px 3px rgba(0, 0, 0, 0.05);\n  display: flex;\n  gap: 0.6rem;\n  align-items: flex-start;\n}\n.mission-box h4 {\n  margin: 0 0 0.3rem;\n  color: #1a1a1a;\n  font-size: 1.2rem;\n  font-weight: bold;\n}\n.mission-box p, .mission-box ul {\n  margin: 0;\n  color: #333;\n  font-size: 0.92rem;\n  line-height: 1.5;\n}\n.mission-grid {\n  display: grid;\n  grid-template-columns: repeat(auto-fit, minmax(280px, 1fr));\n  gap: 1.5rem;\n}\n.mission-box ul {\n  padding-left: 1rem;\n  list-style: none;\n}\n.mission-box ul li::before {\n  content: \"\\2611\";\n  color: #facc15;\n  font-size: 0.9rem;\n  margin-right: 0.4rem;\n}\n<\/style>\n\n\n<!-- Se\u00e7\u00e3o de Boas-vindas -->\n<div id=\"welcome\" class=\"section-container welcome-section\">\n  <div class=\"welcome-content\">\n    <h1>Bem-vindo ao <span class=\"highlight\">InThrace<\/span><\/h1>\n    <p>Empoderamos comunidades por meio do patrim\u00f3nio cultural imaterial e da coopera\u00e7\u00e3o europeia na educa\u00e7\u00e3o.<\/p>\n  <\/div>\n<\/div>\n\n<!-- Se\u00e7\u00e3o Sobre -->\n<div id=\"about\" class=\"section-container erasmus-bg\">\n  <div class=\"section-content erasmus-content\">\n    <img decoding=\"async\" src=\"https:\/\/inthrace.unitbv.ro\/wp-content\/uploads\/2025\/01\/INTHr_750x750-e1743045611748.png\" alt=\"Log\u00f3tipo InThrace\" class=\"erasmus-logo\" \/>\n    <h3 style=\"font-size: 1.25rem; font-weight: bold;\">2023-1-RO01-KA220-HED-000156121<\/h3>\n    <p style=\"font-size: 1.5rem; font-weight: bold; color: #205A9B;\">\n      Envolvimento c\u00edvico, integra\u00e7\u00e3o e melhor gest\u00e3o do patrim\u00f3nio cultural imaterial nacional para aumentar a consci\u00eancia sobre os valores comuns europeus \u2013 contexto da UE, perspetivas e cidadania ativa.\n    <\/p>\n    <p>Uma parceria europeia na \u00e1rea do ensino superior, financiada pelo Programa Erasmus+, A\u00e7\u00e3o KA220-HED.<\/p>\n    <a href=\"https:\/\/erasmus-plus.ec.europa.eu\/projects\/search\/details\/2023-1-RO01-KA220-HED-000156121\" target=\"_blank\" class=\"erasmus-button\">Ver projeto Erasmus+<\/a>\n  <\/div>\n<\/div>\n\n<!-- Se\u00e7\u00e3o de Parceiros -->\n<div id=\"partners\" class=\"section-container erasmus-bg\">\n  <div class=\"section-content erasmus-content\">\n    <img decoding=\"async\" src=\"https:\/\/inthrace.unitbv.ro\/wp-content\/uploads\/2025\/01\/image.png\" alt=\"Log\u00f3tipo UNITBV\" class=\"erasmus-logo\"\/>\n    <h3>Universidade da Transilv\u00e2nia de Bra\u0219ov, Rom\u00e9nia (Coordenadora)<\/h3>\n    <p>A Universidade da Transilv\u00e2nia de Bra\u0219ov (UNITBV) \u00e9 uma das principais institui\u00e7\u00f5es p\u00fablicas de ensino superior da Rom\u00e9nia, fundada em 1948. Oferece uma ampla gama de programas e destaca-se pela inova\u00e7\u00e3o, interdisciplinaridade e internacionaliza\u00e7\u00e3o. Possui um moderno instituto de investiga\u00e7\u00e3o e fortes parcerias internacionais.<\/p>\n    <a href=\"http:\/\/www.unitbv.ro\/en\" target=\"_blank\" class=\"erasmus-button\">Visitar site oficial<\/a>\n  <\/div>\n\n  <div class=\"section-content erasmus-content\">\n    <img decoding=\"async\" src=\"https:\/\/inthrace.unitbv.ro\/wp-content\/uploads\/2025\/01\/image-1.png\" class=\"erasmus-logo\"\/>\n    <h3>Universidade de Vars\u00f3via, Pol\u00f3nia<\/h3>\n    <p>Fundada em 1816, a Universidade de Vars\u00f3via \u00e9 a maior e mais bem classificada universidade da Pol\u00f3nia. Reconhecida pela excel\u00eancia em investiga\u00e7\u00e3o e ensino, oferece diversos programas e promove a investiga\u00e7\u00e3o interdisciplinar e a inclus\u00e3o acad\u00e9mica.<\/p>\n    <a href=\"https:\/\/en.uw.edu.pl\/\" target=\"_blank\" class=\"erasmus-button\">Visitar site oficial<\/a>\n  <\/div>\n\n  <div class=\"section-content erasmus-content\">\n    <img decoding=\"async\" src=\"https:\/\/inthrace.unitbv.ro\/wp-content\/uploads\/2025\/01\/image-2.png\" class=\"erasmus-logo\"\/>\n    <h3>Universidade da \u00c1tica Ocidental, Gr\u00e9cia<\/h3>\n    <p>A Universidade da \u00c1tica Ocidental (UNIWA) \u00e9 uma institui\u00e7\u00e3o moderna que oferece programas de ensino ajustados \u00e0s necessidades do mercado. Conta com infraestruturas modernas, corpo docente qualificado e uma forte liga\u00e7\u00e3o \u00e0 pr\u00e1tica profissional.<\/p>\n    <a href=\"https:\/\/www.uniwa.gr\/en\/\" target=\"_blank\" class=\"erasmus-button\">Visitar site oficial<\/a>\n  <\/div>\n\n  <div class=\"section-content erasmus-content\">\n    <img decoding=\"async\" src=\"https:\/\/inthrace.unitbv.ro\/wp-content\/uploads\/2025\/01\/image-3.png\" class=\"erasmus-logo\"\/>\n    <h3>Universidade de Zagreb, Cro\u00e1cia<\/h3>\n    <p>Fundada em 1669, a Universidade de Zagreb \u00e9 a mais antiga e maior do Sudeste da Europa. Oferece programas em todas as \u00e1reas cient\u00edficas, com \u00eanfase na investiga\u00e7\u00e3o, inova\u00e7\u00e3o e desenvolvimento sustent\u00e1vel. Promove tamb\u00e9m os direitos humanos e a excel\u00eancia acad\u00e9mica.<\/p>\n    <a href=\"https:\/\/www.unizg.hr\/homepage\/\" target=\"_blank\" class=\"erasmus-button\">Visitar site oficial<\/a>\n  <\/div>\n\n  <div class=\"section-content erasmus-content\">\n    <img decoding=\"async\" src=\"https:\/\/inthrace.unitbv.ro\/wp-content\/uploads\/2025\/01\/image-4.png\" class=\"erasmus-logo\"\/>\n    <h3>Universidade dos A\u00e7ores, Portugal<\/h3>\n    <p>A Universidade dos A\u00e7ores (UAc), fundada em 1976, tem um papel essencial no desenvolvimento do arquip\u00e9lago. Com campus em tr\u00eas ilhas, dedica-se ao estudo do Atl\u00e2ntico, biodiversidade, riscos naturais e ci\u00eancias sociais e humanas.<\/p>\n    <a href=\"https:\/\/international.uac.pt\/\" target=\"_blank\" class=\"erasmus-button\">Visitar site oficial<\/a>\n  <\/div>\n\n  <div class=\"section-content erasmus-content\">\n    <img decoding=\"async\" src=\"https:\/\/inthrace.unitbv.ro\/wp-content\/uploads\/2025\/01\/image-5.png\" class=\"erasmus-logo\"\/>\n    <h3>Funda\u00e7\u00e3o Pax Rhodopica, Bulg\u00e1ria<\/h3>\n    <p>A Funda\u00e7\u00e3o Pax Rhodopica \u00e9 uma ONG b\u00falgara que promove o desenvolvimento comunit\u00e1rio e empresarial atrav\u00e9s do empreendedorismo, inova\u00e7\u00e3o e forma\u00e7\u00e3o profissional. Atua tamb\u00e9m na valoriza\u00e7\u00e3o da heran\u00e7a cultural local e inclus\u00e3o social em zonas rurais.<\/p>\n    <a href=\"https:\/\/www.paxrhodopica.eu\/\" target=\"_blank\" class=\"erasmus-button\">Visitar site oficial<\/a>\n  <\/div>\n<\/div>\n\n<!-- Se\u00e7\u00e3o Miss\u00e3o e Objetivos -->\n<div id=\"mission\" class=\"section-container erasmus-bg\">\n  <div class=\"section-content erasmus-content\">\n    <div class=\"mission-grid\">\n      <div class=\"mission-box\">\n        <img decoding=\"async\" src=\"https:\/\/cdn-icons-png.flaticon.com\/512\/271\/271228.png\" class=\"mission-icon\" alt=\"\u00cdcone seta\"\/>\n        <div>\n          <h4>Nossa Miss\u00e3o<\/h4>\n          <p>Conectamos pessoas ao seu patrim\u00f3nio cultural atrav\u00e9s de abordagens inovadoras. Valorizamos a colabora\u00e7\u00e3o, a compreens\u00e3o e a diversidade.<\/p>\n        <\/div>\n      <\/div>\n\n      <div class=\"mission-box\">\n        <img decoding=\"async\" src=\"https:\/\/cdn-icons-png.flaticon.com\/512\/3064\/3064197.png\" class=\"mission-icon\" alt=\"\u00cdcone alvo\"\/>\n        <div>\n          <h4>Nosso Prop\u00f3sito<\/h4>\n          <p>O projeto pretende oferecer um conjunto completo de ferramentas e recursos: quadro metodol\u00f3gico, materiais de forma\u00e7\u00e3o, modelo de integra\u00e7\u00e3o patrimonial, guia de mentores, plataforma digital, biblioteca eletr\u00f3nica e campanha promocional \u2014 tudo para preservar a identidade cultural, promover a toler\u00e2ncia e valorizar a diversidade.<\/p>\n        <\/div>\n      <\/div>\n\n      <div class=\"mission-box\">\n        <img decoding=\"async\" src=\"https:\/\/cdn-icons-png.flaticon.com\/512\/681\/681392.png\" class=\"mission-icon\" alt=\"\u00cdcone ideia\"\/>\n        <div>\n          <h4>Nossos Valores<\/h4>\n          <p>Acreditamos na empatia, unidade, educa\u00e7\u00e3o e sustentabilidade. Esses princ\u00edpios orientam as nossas a\u00e7\u00f5es em prol da heran\u00e7a cultural.<\/p>\n        <\/div>\n      <\/div>\n\n      <div class=\"mission-box\">\n        <img decoding=\"async\" src=\"https:\/\/cdn-icons-png.flaticon.com\/512\/1828\/1828961.png\" class=\"mission-icon\" alt=\"\u00cdcone comunidade\"\/>\n        <div>\n          <h4>Nossa Abordagem<\/h4>\n          <p>Incorporamos o feedback das comunidades nas nossas a\u00e7\u00f5es, garantindo que os projetos estejam alinhados com as suas necessidades e promovam o crescimento sustent\u00e1vel.<\/p>\n        <\/div>\n      <\/div>\n\n      <div class=\"mission-box\">\n        <img decoding=\"async\" src=\"https:\/\/cdn-icons-png.flaticon.com\/512\/992\/992651.png\" class=\"mission-icon\" alt=\"\u00cdcone checklist\"\/>\n        <div>\n          <h4>Objetivos<\/h4>\n          <ul>\n            <li><strong>Empoderar professores universit\u00e1rios:<\/strong> Desenvolver compet\u00eancias para interpretar, preservar e integrar o patrim\u00f3nio imaterial no meio urbano e na vida comunit\u00e1ria.<\/li>\n            <li><strong>Promover a inclus\u00e3o:<\/strong> Construir uma sociedade aberta onde o patrim\u00f3nio cultural fortalece a Uni\u00e3o Europeia enquanto espa\u00e7o de diversidade e unidade.<\/li>\n            <li><strong>Enriquecer o turismo:<\/strong> Partilhar boas pr\u00e1ticas para integrar a heran\u00e7a imaterial em experi\u00eancias tur\u00edsticas.<\/li>\n          <\/ul>\n        <\/div>\n      <\/div>\n    <\/div>\n  <\/div>\n<\/div>\n\t\t\t\t<\/div>\n\t\t\t\t<\/div>\n\t\t\t\t\t<\/div>\n\t\t\t\t<\/div>\n\t\t\t\t<\/div>\n\t\t","protected":false},"excerpt":{"rendered":"<p>Valorizar o nosso patrim\u00f3nio comum In\u00edcio Bem-vindo Sobre o projeto Parceiros Miss\u00e3o e Objetivos Bem-vindo ao InThrace Empoderamos comunidades por meio do patrim\u00f3nio cultural imaterial e da coopera\u00e7\u00e3o europeia na educa\u00e7\u00e3o. 2023-1-RO01-KA220-HED-000156121 Envolvimento c\u00edvico, integra\u00e7\u00e3o e melhor gest\u00e3o do patrim\u00f3nio cultural imaterial nacional para aumentar a consci\u00eancia sobre os valores comuns europeus \u2013 contexto da UE, perspetivas e cidadania ativa. Uma parceria europeia na \u00e1rea do ensino superior, financiada pelo Programa Erasmus+, A\u00e7\u00e3o KA220-HED. Ver projeto Erasmus+ Universidade da Transilv\u00e2nia de Bra\u0219ov, Rom\u00e9nia (Coordenadora) A Universidade da Transilv\u00e2nia de Bra\u0219ov (UNITBV) \u00e9 uma das principais institui\u00e7\u00f5es p\u00fablicas de ensino superior da Rom\u00e9nia, fundada em 1948. Oferece uma ampla gama de programas e destaca-se pela inova\u00e7\u00e3o, interdisciplinaridade e internacionaliza\u00e7\u00e3o. Possui um moderno instituto de investiga\u00e7\u00e3o e fortes parcerias internacionais. Visitar site oficial Universidade de Vars\u00f3via, Pol\u00f3nia Fundada em 1816, a Universidade de Vars\u00f3via \u00e9 a maior e mais bem classificada universidade da Pol\u00f3nia. Reconhecida pela excel\u00eancia em investiga\u00e7\u00e3o e ensino, oferece diversos programas e promove a investiga\u00e7\u00e3o interdisciplinar e a inclus\u00e3o acad\u00e9mica. Visitar site oficial Universidade da \u00c1tica Ocidental, Gr\u00e9cia A Universidade da \u00c1tica Ocidental (UNIWA) \u00e9 uma institui\u00e7\u00e3o moderna que oferece programas de ensino ajustados \u00e0s necessidades do mercado. Conta [&hellip;]<\/p>\n","protected":false},"author":1,"featured_media":0,"parent":0,"menu_order":0,"comment_status":"closed","ping_status":"closed","template":"elementor_canvas","meta":{"footnotes":""},"folder":[],"class_list":["post-480","page","type-page","status-publish","hentry"],"_links":{"self":[{"href":"https:\/\/inthrace.unitbv.ro\/index.php\/wp-json\/wp\/v2\/pages\/480","targetHints":{"allow":["GET"]}}],"collection":[{"href":"https:\/\/inthrace.unitbv.ro\/index.php\/wp-json\/wp\/v2\/pages"}],"about":[{"href":"https:\/\/inthrace.unitbv.ro\/index.php\/wp-json\/wp\/v2\/types\/page"}],"author":[{"embeddable":true,"href":"https:\/\/inthrace.unitbv.ro\/index.php\/wp-json\/wp\/v2\/users\/1"}],"replies":[{"embeddable":true,"href":"https:\/\/inthrace.unitbv.ro\/index.php\/wp-json\/wp\/v2\/comments?post=480"}],"version-history":[{"count":13,"href":"https:\/\/inthrace.unitbv.ro\/index.php\/wp-json\/wp\/v2\/pages\/480\/revisions"}],"predecessor-version":[{"id":2519,"href":"https:\/\/inthrace.unitbv.ro\/index.php\/wp-json\/wp\/v2\/pages\/480\/revisions\/2519"}],"wp:attachment":[{"href":"https:\/\/inthrace.unitbv.ro\/index.php\/wp-json\/wp\/v2\/media?parent=480"}],"wp:term":[{"taxonomy":"folder","embeddable":true,"href":"https:\/\/inthrace.unitbv.ro\/index.php\/wp-json\/wp\/v2\/folder?post=480"}],"curies":[{"name":"wp","href":"https:\/\/api.w.org\/{rel}","templated":true}]}}