{"id":475,"date":"2025-03-27T05:49:09","date_gmt":"2025-03-27T05:49:09","guid":{"rendered":"https:\/\/inthrace.unitbv.ro\/?page_id=475"},"modified":"2026-01-10T20:19:33","modified_gmt":"2026-01-10T18:19:33","slug":"o-projektu","status":"publish","type":"page","link":"https:\/\/inthrace.unitbv.ro\/index.php\/hr\/o-projektu\/","title":{"rendered":"About project HR"},"content":{"rendered":"\t\t<div data-elementor-type=\"wp-page\" data-elementor-id=\"475\" class=\"elementor elementor-475\" data-elementor-settings=\"{&quot;element_pack_global_tooltip_width&quot;:{&quot;unit&quot;:&quot;px&quot;,&quot;size&quot;:&quot;&quot;,&quot;sizes&quot;:[]},&quot;element_pack_global_tooltip_width_widescreen&quot;:{&quot;unit&quot;:&quot;px&quot;,&quot;size&quot;:&quot;&quot;,&quot;sizes&quot;:[]},&quot;element_pack_global_tooltip_width_laptop&quot;:{&quot;unit&quot;:&quot;px&quot;,&quot;size&quot;:&quot;&quot;,&quot;sizes&quot;:[]},&quot;element_pack_global_tooltip_width_tablet&quot;:{&quot;unit&quot;:&quot;px&quot;,&quot;size&quot;:&quot;&quot;,&quot;sizes&quot;:[]},&quot;element_pack_global_tooltip_width_mobile&quot;:{&quot;unit&quot;:&quot;px&quot;,&quot;size&quot;:&quot;&quot;,&quot;sizes&quot;:[]},&quot;element_pack_global_tooltip_padding&quot;:{&quot;unit&quot;:&quot;px&quot;,&quot;top&quot;:&quot;&quot;,&quot;right&quot;:&quot;&quot;,&quot;bottom&quot;:&quot;&quot;,&quot;left&quot;:&quot;&quot;,&quot;isLinked&quot;:true},&quot;element_pack_global_tooltip_padding_widescreen&quot;:{&quot;unit&quot;:&quot;px&quot;,&quot;top&quot;:&quot;&quot;,&quot;right&quot;:&quot;&quot;,&quot;bottom&quot;:&quot;&quot;,&quot;left&quot;:&quot;&quot;,&quot;isLinked&quot;:true},&quot;element_pack_global_tooltip_padding_laptop&quot;:{&quot;unit&quot;:&quot;px&quot;,&quot;top&quot;:&quot;&quot;,&quot;right&quot;:&quot;&quot;,&quot;bottom&quot;:&quot;&quot;,&quot;left&quot;:&quot;&quot;,&quot;isLinked&quot;:true},&quot;element_pack_global_tooltip_padding_tablet&quot;:{&quot;unit&quot;:&quot;px&quot;,&quot;top&quot;:&quot;&quot;,&quot;right&quot;:&quot;&quot;,&quot;bottom&quot;:&quot;&quot;,&quot;left&quot;:&quot;&quot;,&quot;isLinked&quot;:true},&quot;element_pack_global_tooltip_padding_mobile&quot;:{&quot;unit&quot;:&quot;px&quot;,&quot;top&quot;:&quot;&quot;,&quot;right&quot;:&quot;&quot;,&quot;bottom&quot;:&quot;&quot;,&quot;left&quot;:&quot;&quot;,&quot;isLinked&quot;:true},&quot;element_pack_global_tooltip_border_radius&quot;:{&quot;unit&quot;:&quot;px&quot;,&quot;top&quot;:&quot;&quot;,&quot;right&quot;:&quot;&quot;,&quot;bottom&quot;:&quot;&quot;,&quot;left&quot;:&quot;&quot;,&quot;isLinked&quot;:true},&quot;element_pack_global_tooltip_border_radius_widescreen&quot;:{&quot;unit&quot;:&quot;px&quot;,&quot;top&quot;:&quot;&quot;,&quot;right&quot;:&quot;&quot;,&quot;bottom&quot;:&quot;&quot;,&quot;left&quot;:&quot;&quot;,&quot;isLinked&quot;:true},&quot;element_pack_global_tooltip_border_radius_laptop&quot;:{&quot;unit&quot;:&quot;px&quot;,&quot;top&quot;:&quot;&quot;,&quot;right&quot;:&quot;&quot;,&quot;bottom&quot;:&quot;&quot;,&quot;left&quot;:&quot;&quot;,&quot;isLinked&quot;:true},&quot;element_pack_global_tooltip_border_radius_tablet&quot;:{&quot;unit&quot;:&quot;px&quot;,&quot;top&quot;:&quot;&quot;,&quot;right&quot;:&quot;&quot;,&quot;bottom&quot;:&quot;&quot;,&quot;left&quot;:&quot;&quot;,&quot;isLinked&quot;:true},&quot;element_pack_global_tooltip_border_radius_mobile&quot;:{&quot;unit&quot;:&quot;px&quot;,&quot;top&quot;:&quot;&quot;,&quot;right&quot;:&quot;&quot;,&quot;bottom&quot;:&quot;&quot;,&quot;left&quot;:&quot;&quot;,&quot;isLinked&quot;:true}}\" data-elementor-post-type=\"page\">\n\t\t\t\t<div class=\"elementor-element elementor-element-ca6e49d e-flex e-con-boxed e-con e-parent\" data-id=\"ca6e49d\" data-element_type=\"container\" data-e-type=\"container\">\n\t\t\t\t\t<div class=\"e-con-inner\">\n\t\t\t\t<div class=\"elementor-element elementor-element-42f0d9a elementor-widget-divider--view-line elementor-widget elementor-widget-divider\" data-id=\"42f0d9a\" data-element_type=\"widget\" data-e-type=\"widget\" data-widget_type=\"divider.default\">\n\t\t\t\t<div class=\"elementor-widget-container\">\n\t\t\t\t\t\t\t<div class=\"elementor-divider\">\n\t\t\t<span class=\"elementor-divider-separator\">\n\t\t\t\t\t\t<\/span>\n\t\t<\/div>\n\t\t\t\t\t\t<\/div>\n\t\t\t\t<\/div>\n\t\t\t\t\t<\/div>\n\t\t\t\t<\/div>\n\t\t<div class=\"elementor-element elementor-element-aff6d5b e-flex e-con-boxed e-con e-parent\" data-id=\"aff6d5b\" data-element_type=\"container\" data-e-type=\"container\">\n\t\t\t\t\t<div class=\"e-con-inner\">\n\t\t\t\t<div class=\"elementor-element elementor-element-1cdedd1 bdt-backdrop-filter-yes elementor-headline--style-highlight bdt-filter-backdrop elementor-widget elementor-widget-animated-headline\" data-id=\"1cdedd1\" data-element_type=\"widget\" data-e-type=\"widget\" data-settings=\"{&quot;highlighted_text&quot;:&quot;Cijenimo &quot;,&quot;headline_style&quot;:&quot;highlight&quot;,&quot;marker&quot;:&quot;circle&quot;,&quot;loop&quot;:&quot;yes&quot;,&quot;highlight_animation_duration&quot;:1200,&quot;highlight_iteration_delay&quot;:8000}\" data-widget_type=\"animated-headline.default\">\n\t\t\t\t<div class=\"elementor-widget-container\">\n\t\t\t\t\t\t\t<h3 class=\"elementor-headline\">\n\t\t\t\t<span class=\"elementor-headline-dynamic-wrapper elementor-headline-text-wrapper\">\n\t\t\t\t\t<span class=\"elementor-headline-dynamic-text elementor-headline-text-active\">Cijenimo <\/span>\n\t\t\t\t<\/span>\n\t\t\t\t\t<span class=\"elementor-headline-plain-text elementor-headline-text-wrapper\">NA\u0160U ZAJEDNI\u010cKU BA\u0160TINU<\/span>\n\t\t\t\t\t<\/h3>\n\t\t\t\t\t\t<\/div>\n\t\t\t\t<\/div>\n\t\t\t\t<div class=\"elementor-element elementor-element-ed21770 elementor-widget elementor-widget-html\" data-id=\"ed21770\" data-element_type=\"widget\" data-e-type=\"widget\" data-widget_type=\"html.default\">\n\t\t\t\t<div class=\"elementor-widget-container\">\n\t\t\t\t\t<!-- Navigacija -->\n<nav class=\"page-nav\">\n  <ul>\n    <li>\n      <a href=\"https:\/\/inthrace.unitbv.ro\/index.php\/hr\/home-hr\/\">Po\u010detna<\/a>\n    <\/li>\n    <li><a href=\"#welcome\">Dobrodo\u0161lica<\/a><\/li>\n    <li><a href=\"#about\">O projektu<\/a><\/li>\n    <li><a href=\"#partners\">Partneri<\/a><\/li>\n    <li><a href=\"#mission\">Misija i Ciljevi<\/a><\/li>\n  <\/ul>\n<\/nav>\n\n<!-- Styles -->\n<style>\nhtml {\n  scroll-behavior: smooth;\n}\nbody, p, ul, li, h3 {\n  font-family: Arial, sans-serif;\n  font-size: 16px;\n}\n.page-nav {\n  position: sticky;\n  top: 0;\n  z-index: 999;\n  background: #f9fafb;\n  padding: 1rem;\n  text-align: center;\n  box-shadow: 0 2px 8px rgba(0, 0, 0, 0.1);\n}\n.page-nav ul {\n  list-style: none;\n  padding: 0;\n  margin: 0;\n  display: flex;\n  justify-content: center;\n  gap: 2rem;\n  flex-wrap: wrap;\n}\n.page-nav a {\n  color: #333;\n  font-weight: bold;\n  text-decoration: none;\n  transition: color 0.3s ease;\n}\n.page-nav a:hover {\n  color: #facc15;\n}\n.section-container {\n  padding: 3rem 2rem;\n  margin-bottom: 2rem;\n  border-radius: 15px;\n  background-color: #f3f4f6;\n  box-shadow: 0 4px 12px rgba(0, 0, 0, 0.05);\n}\n.welcome-section {\n  background: linear-gradient(145deg, #f0f4f8, #ffffff);\n  text-align: center;\n}\n.welcome-content h1 {\n  font-size: 2.8rem;\n  color: #facc15;\n}\n.welcome-content .highlight {\n  color: #1a1a1a;\n}\n.welcome-content p {\n  font-size: 1.2rem;\n  color: #333;\n  max-width: 700px;\n  margin: 0 auto;\n  line-height: 1.6;\n}\n.erasmus-bg {\n  background-color: #ffffff;\n}\n.erasmus-content {\n  max-width: 960px;\n  margin: 0 auto;\n  padding: 2rem;\n  border-radius: 12px;\n  text-align: center;\n  color: #1a1a1a;\n}\n.erasmus-logo {\n  max-width: 200px;\n  height: auto;\n  margin-bottom: 1.2rem;\n  border-radius: 8px;\n}\n.erasmus-content h3 {\n  font-size: 1.25rem;\n  text-align: center;\n}\n.erasmus-content p {\n  text-align: justify;\n}\n.erasmus-button {\n  display: inline-block;\n  background-color: #facc15;\n  color: #000;\n  padding: 0.75rem 1.5rem;\n  border-radius: 8px;\n  text-decoration: none;\n  font-weight: bold;\n  transition: background 0.3s ease;\n  margin-top: 1rem;\n}\n.erasmus-button:hover {\n  background-color: #ffe066;\n}\n.mission-icon {\n  width: 32px;\n  height: 32px;\n  margin-top: 3px;\n  flex-shrink: 0;\n  opacity: 0.8;\n  filter: grayscale(100%);\n}\n.mission-box {\n  background-color: #f9fafb;\n  border-left: 3px solid #facc15;\n  padding: 1rem;\n  border-radius: 6px;\n  box-shadow: 0 1px 3px rgba(0, 0, 0, 0.05);\n  display: flex;\n  gap: 0.6rem;\n  align-items: flex-start;\n}\n.mission-box h4 {\n  margin: 0 0 0.3rem;\n  color: #1a1a1a;\n  font-size: 1.2rem;\n  font-weight: bold;\n}\n.mission-box p, .mission-box ul {\n  margin: 0;\n  color: #333;\n  font-size: 0.92rem;\n  line-height: 1.5;\n}\n.mission-grid {\n  display: grid;\n  grid-template-columns: repeat(auto-fit, minmax(280px, 1fr));\n  gap: 1.5rem;\n}\n.mission-box ul {\n  padding-left: 1rem;\n  list-style: none;\n}\n.mission-box ul li::before {\n  content: \"\\2611\";\n  color: #facc15;\n  font-size: 0.9rem;\n  margin-right: 0.4rem;\n}\n<\/style>\n\n<!-- Sekcija Dobrodo\u0161lice -->\n<div id=\"welcome\" class=\"section-container welcome-section\">\n  <div class=\"welcome-content\">\n    <h1>Dobrodo\u0161li u <span class=\"highlight\">InThrace<\/span><\/h1>\n    <p>Osna\u017eujemo zajednice kroz nematerijalnu kulturnu ba\u0161tinu i europsku suradnju u obrazovanju.<\/p>\n  <\/div>\n<\/div>\n\n<!-- Sekcija O projektu -->\n<div id=\"about\" class=\"section-container erasmus-bg\">\n  <div class=\"section-content erasmus-content\">\n    <img decoding=\"async\" src=\"https:\/\/inthrace.unitbv.ro\/wp-content\/uploads\/2025\/01\/INTHr_750x750-e1743045611748.png\" alt=\"InThrace Logo\" class=\"erasmus-logo\" \/>\n    <h3 style=\"font-size: 1.25rem; font-weight: bold;\">2023-1-RO01-KA220-HED-000156121<\/h3>\n    <p style=\"font-size: 1.5rem; font-weight: bold; color: #205A9B;\">\n      Gra\u0111anski anga\u017eman, integracija i bolje upravljanje nacionalnom nematerijalnom ba\u0161tinom radi podizanja svijesti o zajedni\u010dkim europskim vrijednostima \u2013 EU kontekst, perspektive i aktivno gra\u0111anstvo.\n    <\/p>\n    <p>Europsko partnerstvo u visokom obrazovanju, financirano kroz program Erasmus+ (Akcija KA220-HED).<\/p>\n    <a href=\"https:\/\/erasmus-plus.ec.europa.eu\/projects\/search\/details\/2023-1-RO01-KA220-HED-000156121\" target=\"_blank\" class=\"erasmus-button\">Pogledaj Erasmus+ projekt<\/a>\n  <\/div>\n<\/div>\n\n<!-- Sekcija Partneri -->\n<div id=\"partners\" class=\"section-container erasmus-bg\">\n  <div class=\"section-content erasmus-content\">\n    <img decoding=\"async\" src=\"https:\/\/inthrace.unitbv.ro\/wp-content\/uploads\/2025\/01\/image.png\" alt=\"UNITBV logo\" class=\"erasmus-logo\"\/>\n    <h3>Sveu\u010dili\u0161te Transilvanije u Bra\u0219ovu, Rumunjska (Koordinator)<\/h3>\n    <p>Sveu\u010dili\u0161te Transilvanije u Bra\u0219ovu (UNITBV) vode\u0107e je javno sveu\u010dili\u0161te u sredi\u0161njoj Rumunjskoj, osnovano 1948. godine. Nudi \u0161irok raspon programa i naglasak stavlja na inovacije, interdisciplinarnost i internacionalizaciju. Ponosno se oslanja na moderan istra\u017eiva\u010dki institut i jake me\u0111unarodne suradnje.<\/p>\n    <a href=\"http:\/\/www.unitbv.ro\/en\" target=\"_blank\" class=\"erasmus-button\">Slu\u017ebena stranica<\/a>\n  <\/div>\n\n  <div class=\"section-content erasmus-content\">\n    <img decoding=\"async\" src=\"https:\/\/inthrace.unitbv.ro\/wp-content\/uploads\/2025\/01\/image-1.png\" class=\"erasmus-logo\"\/>\n    <h3>Sveu\u010dili\u0161te u Var\u0161avi, Poljska<\/h3>\n    <p>Osnovano 1816. godine, Sveu\u010dili\u0161te u Var\u0161avi je najve\u0107e i najbolje rangirano sveu\u010dili\u0161te u Poljskoj. Prepoznato je po izvrsnosti u znanosti i istra\u017eivanju, nudi \u0161irok spektar programa i poti\u010de interdisciplinarnu suradnju i uklju\u010divost.<\/p>\n    <a href=\"https:\/\/en.uw.edu.pl\/\" target=\"_blank\" class=\"erasmus-button\">Slu\u017ebena stranica<\/a>\n  <\/div>\n\n  <div class=\"section-content erasmus-content\">\n    <img decoding=\"async\" src=\"https:\/\/inthrace.unitbv.ro\/wp-content\/uploads\/2025\/01\/image-2.png\" class=\"erasmus-logo\"\/>\n    <h3>Sveu\u010dili\u0161te Zapadne Atike, Gr\u010dka<\/h3>\n    <p>Sveu\u010dili\u0161te Zapadne Atike (UNIWA) je moderna institucija koja pru\u017ea obrazovne programe prilago\u0111ene tr\u017ei\u0161tu rada. Nudi \u0161irok spektar studijskih programa i raspola\u017ee suvremenom infrastrukturom i stru\u010dnim osobljem.<\/p>\n    <a href=\"https:\/\/www.uniwa.gr\/en\/\" target=\"_blank\" class=\"erasmus-button\">Slu\u017ebena stranica<\/a>\n  <\/div>\n\n  <div class=\"section-content erasmus-content\">\n    <img decoding=\"async\" src=\"https:\/\/inthrace.unitbv.ro\/wp-content\/uploads\/2025\/01\/image-3.png\" class=\"erasmus-logo\"\/>\n    <h3>Sveu\u010dili\u0161te u Zagrebu, Hrvatska<\/h3>\n    <p>Sveu\u010dili\u0161te u Zagrebu, osnovano 1669., najstarije je i najve\u0107e sveu\u010dili\u0161te u jugoisto\u010dnoj Europi. Nudi programe u svim znanstvenim podru\u010djima, s naglaskom na istra\u017eivanje, inovacije i odr\u017eivi razvoj. Isti\u010de se promicanjem ljudskih prava i akademske izvrsnosti.<\/p>\n    <a href=\"https:\/\/www.unizg.hr\/homepage\/\" target=\"_blank\" class=\"erasmus-button\">Slu\u017ebena stranica<\/a>\n  <\/div>\n\n  <div class=\"section-content erasmus-content\">\n    <img decoding=\"async\" src=\"https:\/\/inthrace.unitbv.ro\/wp-content\/uploads\/2025\/01\/image-4.png\" class=\"erasmus-logo\"\/>\n    <h3>Sveu\u010dili\u0161te Azora, Portugal<\/h3>\n    <p>Sveu\u010dili\u0161te Azora (UAc), osnovano 1976., ima klju\u010dnu ulogu u razvoju arhipelaga Azora. Djeluje na tri otoka i usmjereno je na istra\u017eivanja o Atlantiku, bioraznolikosti, prirodnim rizicima te dru\u0161tvenim i humanisti\u010dkim znanostima.<\/p>\n    <a href=\"https:\/\/international.uac.pt\/\" target=\"_blank\" class=\"erasmus-button\">Slu\u017ebena stranica<\/a>\n  <\/div>\n\n  <div class=\"section-content erasmus-content\">\n    <img decoding=\"async\" src=\"https:\/\/inthrace.unitbv.ro\/wp-content\/uploads\/2025\/01\/image-5.png\" class=\"erasmus-logo\"\/>\n    <h3>Zaklada Pax Rhodopica, Bugarska<\/h3>\n    <p>Zaklada Pax Rhodopica je bugarska nevladina organizacija koja promi\u010de lokalni razvoj kroz poduzetni\u0161tvo, inovacije i osposobljavanje. Aktivno promi\u010de kulturnu ba\u0161tinu i dru\u0161tvenu uklju\u010denost, osobito u ruralnim podru\u010djima.<\/p>\n    <a href=\"https:\/\/www.paxrhodopica.eu\/\" target=\"_blank\" class=\"erasmus-button\">Slu\u017ebena stranica<\/a>\n  <\/div>\n<\/div>\n\n<!-- Sekcija Misija i Ciljevi -->\n<div id=\"mission\" class=\"section-container erasmus-bg\">\n  <div class=\"section-content erasmus-content\">\n    <div class=\"mission-grid\">\n      <div class=\"mission-box\">\n        <img decoding=\"async\" src=\"https:\/\/cdn-icons-png.flaticon.com\/512\/271\/271228.png\" class=\"mission-icon\" alt=\"Ikona strelica\"\/>\n        <div>\n          <h4>Na\u0161a misija<\/h4>\n          <p>Na\u0161 je cilj povezati pojedince s njihovom kulturnom ba\u0161tinom putem inovativnih pristupa. Podr\u017eavamo suradnju, razumijevanje i slavimo razli\u010ditosti.<\/p>\n        <\/div>\n      <\/div>\n\n      <div class=\"mission-box\">\n        <img decoding=\"async\" src=\"https:\/\/cdn-icons-png.flaticon.com\/512\/3064\/3064197.png\" class=\"mission-icon\" alt=\"Ikona meta\"\/>\n        <div>\n          <h4>Na\u0161 cilj<\/h4>\n          <p>Cilj projekta je pru\u017eiti sveobuhvatan skup alata i resursa: metodolo\u0161ki okvir, edukativne materijale, model za integraciju ba\u0161tine, priru\u010dnik za mentore, digitalnu platformu, e-knji\u017enicu i promotivnu kampanju \u2013 sve radi o\u010duvanja identiteta i raznolikosti.<\/p>\n        <\/div>\n      <\/div>\n\n      <div class=\"mission-box\">\n        <img decoding=\"async\" src=\"https:\/\/cdn-icons-png.flaticon.com\/512\/681\/681392.png\" class=\"mission-icon\" alt=\"Ikona ideje\"\/>\n        <div>\n          <h4>Na\u0161e vrijednosti<\/h4>\n          <p>Vjerujemo u empatiju, jedinstvo, obrazovanje i odr\u017eivost. Te vrijednosti vode na\u0161e djelovanje i posve\u0107enost kulturnoj ba\u0161tini.<\/p>\n        <\/div>\n      <\/div>\n\n      <div class=\"mission-box\">\n        <img decoding=\"async\" src=\"https:\/\/cdn-icons-png.flaticon.com\/512\/1828\/1828961.png\" class=\"mission-icon\" alt=\"Ikona zajednice\"\/>\n        <div>\n          <h4>Na\u0161 pristup<\/h4>\n          <p>U projektima uva\u017eavamo povratne informacije zajednice kako bismo osigurali da odgovaraju stvarnim potrebama i poti\u010du odr\u017eivi razvoj.<\/p>\n        <\/div>\n      <\/div>\n\n      <div class=\"mission-box\">\n        <img decoding=\"async\" src=\"https:\/\/cdn-icons-png.flaticon.com\/512\/992\/992651.png\" class=\"mission-icon\" alt=\"Ikona popis\"\/>\n        <div>\n          <h4>Ciljevi<\/h4>\n          <ul>\n            <li><strong>Osna\u017eivanje akademskog osoblja:<\/strong> Razviti sposobnosti nastavnika za integraciju nematerijalne ba\u0161tine u obrazovne i kulturne kontekste.<\/li>\n            <li><strong>Promicanje uklju\u010divosti:<\/strong> Izgradnja otvorenog dru\u0161tva koje ba\u0161tinu vidi kao temelj europskog jedinstva u razli\u010ditosti.<\/li>\n            <li><strong>Oboga\u0107ivanje turizma:<\/strong> Razvoj i dijeljenje dobrih praksi koje uklju\u010duju ba\u0161tinu u turisti\u010dke ponude.<\/li>\n          <\/ul>\n        <\/div>\n      <\/div>\n    <\/div>\n  <\/div>\n<\/div>\n\t\t\t\t<\/div>\n\t\t\t\t<\/div>\n\t\t\t\t\t<\/div>\n\t\t\t\t<\/div>\n\t\t\t\t<\/div>\n\t\t","protected":false},"excerpt":{"rendered":"<p>Cijenimo NA\u0160U ZAJEDNI\u010cKU BA\u0160TINU Po\u010detna Dobrodo\u0161lica O projektu Partneri Misija i Ciljevi Dobrodo\u0161li u InThrace Osna\u017eujemo zajednice kroz nematerijalnu kulturnu ba\u0161tinu i europsku suradnju u obrazovanju. 2023-1-RO01-KA220-HED-000156121 Gra\u0111anski anga\u017eman, integracija i bolje upravljanje nacionalnom nematerijalnom ba\u0161tinom radi podizanja svijesti o zajedni\u010dkim europskim vrijednostima \u2013 EU kontekst, perspektive i aktivno gra\u0111anstvo. Europsko partnerstvo u visokom obrazovanju, financirano kroz program Erasmus+ (Akcija KA220-HED). Pogledaj Erasmus+ projekt Sveu\u010dili\u0161te Transilvanije u Bra\u0219ovu, Rumunjska (Koordinator) Sveu\u010dili\u0161te Transilvanije u Bra\u0219ovu (UNITBV) vode\u0107e je javno sveu\u010dili\u0161te u sredi\u0161njoj Rumunjskoj, osnovano 1948. godine. Nudi \u0161irok raspon programa i naglasak stavlja na inovacije, interdisciplinarnost i internacionalizaciju. Ponosno se oslanja na moderan istra\u017eiva\u010dki institut i jake me\u0111unarodne suradnje. Slu\u017ebena stranica Sveu\u010dili\u0161te u Var\u0161avi, Poljska Osnovano 1816. godine, Sveu\u010dili\u0161te u Var\u0161avi je najve\u0107e i najbolje rangirano sveu\u010dili\u0161te u Poljskoj. Prepoznato je po izvrsnosti u znanosti i istra\u017eivanju, nudi \u0161irok spektar programa i poti\u010de interdisciplinarnu suradnju i uklju\u010divost. Slu\u017ebena stranica Sveu\u010dili\u0161te Zapadne Atike, Gr\u010dka Sveu\u010dili\u0161te Zapadne Atike (UNIWA) je moderna institucija koja pru\u017ea obrazovne programe prilago\u0111ene tr\u017ei\u0161tu rada. Nudi \u0161irok spektar studijskih programa i raspola\u017ee suvremenom infrastrukturom i stru\u010dnim osobljem. Slu\u017ebena stranica Sveu\u010dili\u0161te u Zagrebu, Hrvatska Sveu\u010dili\u0161te u Zagrebu, osnovano 1669., najstarije je i najve\u0107e sveu\u010dili\u0161te u jugoisto\u010dnoj Europi. Nudi programe u [&hellip;]<\/p>\n","protected":false},"author":1,"featured_media":0,"parent":0,"menu_order":0,"comment_status":"closed","ping_status":"closed","template":"elementor_canvas","meta":{"footnotes":""},"folder":[],"class_list":["post-475","page","type-page","status-publish","hentry"],"_links":{"self":[{"href":"https:\/\/inthrace.unitbv.ro\/index.php\/wp-json\/wp\/v2\/pages\/475","targetHints":{"allow":["GET"]}}],"collection":[{"href":"https:\/\/inthrace.unitbv.ro\/index.php\/wp-json\/wp\/v2\/pages"}],"about":[{"href":"https:\/\/inthrace.unitbv.ro\/index.php\/wp-json\/wp\/v2\/types\/page"}],"author":[{"embeddable":true,"href":"https:\/\/inthrace.unitbv.ro\/index.php\/wp-json\/wp\/v2\/users\/1"}],"replies":[{"embeddable":true,"href":"https:\/\/inthrace.unitbv.ro\/index.php\/wp-json\/wp\/v2\/comments?post=475"}],"version-history":[{"count":13,"href":"https:\/\/inthrace.unitbv.ro\/index.php\/wp-json\/wp\/v2\/pages\/475\/revisions"}],"predecessor-version":[{"id":2408,"href":"https:\/\/inthrace.unitbv.ro\/index.php\/wp-json\/wp\/v2\/pages\/475\/revisions\/2408"}],"wp:attachment":[{"href":"https:\/\/inthrace.unitbv.ro\/index.php\/wp-json\/wp\/v2\/media?parent=475"}],"wp:term":[{"taxonomy":"folder","embeddable":true,"href":"https:\/\/inthrace.unitbv.ro\/index.php\/wp-json\/wp\/v2\/folder?post=475"}],"curies":[{"name":"wp","href":"https:\/\/api.w.org\/{rel}","templated":true}]}}