{"id":446,"date":"2025-03-27T05:05:02","date_gmt":"2025-03-27T05:05:02","guid":{"rendered":"https:\/\/inthrace.unitbv.ro\/?page_id=446"},"modified":"2026-01-10T21:42:20","modified_gmt":"2026-01-10T19:42:20","slug":"informacje-o-projekcie","status":"publish","type":"page","link":"https:\/\/inthrace.unitbv.ro\/index.php\/pl\/informacje-o-projekcie\/","title":{"rendered":"About project PL"},"content":{"rendered":"\t\t<div data-elementor-type=\"wp-page\" data-elementor-id=\"446\" class=\"elementor elementor-446\" data-elementor-settings=\"{&quot;element_pack_global_tooltip_width&quot;:{&quot;unit&quot;:&quot;px&quot;,&quot;size&quot;:&quot;&quot;,&quot;sizes&quot;:[]},&quot;element_pack_global_tooltip_width_widescreen&quot;:{&quot;unit&quot;:&quot;px&quot;,&quot;size&quot;:&quot;&quot;,&quot;sizes&quot;:[]},&quot;element_pack_global_tooltip_width_laptop&quot;:{&quot;unit&quot;:&quot;px&quot;,&quot;size&quot;:&quot;&quot;,&quot;sizes&quot;:[]},&quot;element_pack_global_tooltip_width_tablet&quot;:{&quot;unit&quot;:&quot;px&quot;,&quot;size&quot;:&quot;&quot;,&quot;sizes&quot;:[]},&quot;element_pack_global_tooltip_width_mobile&quot;:{&quot;unit&quot;:&quot;px&quot;,&quot;size&quot;:&quot;&quot;,&quot;sizes&quot;:[]},&quot;element_pack_global_tooltip_padding&quot;:{&quot;unit&quot;:&quot;px&quot;,&quot;top&quot;:&quot;&quot;,&quot;right&quot;:&quot;&quot;,&quot;bottom&quot;:&quot;&quot;,&quot;left&quot;:&quot;&quot;,&quot;isLinked&quot;:true},&quot;element_pack_global_tooltip_padding_widescreen&quot;:{&quot;unit&quot;:&quot;px&quot;,&quot;top&quot;:&quot;&quot;,&quot;right&quot;:&quot;&quot;,&quot;bottom&quot;:&quot;&quot;,&quot;left&quot;:&quot;&quot;,&quot;isLinked&quot;:true},&quot;element_pack_global_tooltip_padding_laptop&quot;:{&quot;unit&quot;:&quot;px&quot;,&quot;top&quot;:&quot;&quot;,&quot;right&quot;:&quot;&quot;,&quot;bottom&quot;:&quot;&quot;,&quot;left&quot;:&quot;&quot;,&quot;isLinked&quot;:true},&quot;element_pack_global_tooltip_padding_tablet&quot;:{&quot;unit&quot;:&quot;px&quot;,&quot;top&quot;:&quot;&quot;,&quot;right&quot;:&quot;&quot;,&quot;bottom&quot;:&quot;&quot;,&quot;left&quot;:&quot;&quot;,&quot;isLinked&quot;:true},&quot;element_pack_global_tooltip_padding_mobile&quot;:{&quot;unit&quot;:&quot;px&quot;,&quot;top&quot;:&quot;&quot;,&quot;right&quot;:&quot;&quot;,&quot;bottom&quot;:&quot;&quot;,&quot;left&quot;:&quot;&quot;,&quot;isLinked&quot;:true},&quot;element_pack_global_tooltip_border_radius&quot;:{&quot;unit&quot;:&quot;px&quot;,&quot;top&quot;:&quot;&quot;,&quot;right&quot;:&quot;&quot;,&quot;bottom&quot;:&quot;&quot;,&quot;left&quot;:&quot;&quot;,&quot;isLinked&quot;:true},&quot;element_pack_global_tooltip_border_radius_widescreen&quot;:{&quot;unit&quot;:&quot;px&quot;,&quot;top&quot;:&quot;&quot;,&quot;right&quot;:&quot;&quot;,&quot;bottom&quot;:&quot;&quot;,&quot;left&quot;:&quot;&quot;,&quot;isLinked&quot;:true},&quot;element_pack_global_tooltip_border_radius_laptop&quot;:{&quot;unit&quot;:&quot;px&quot;,&quot;top&quot;:&quot;&quot;,&quot;right&quot;:&quot;&quot;,&quot;bottom&quot;:&quot;&quot;,&quot;left&quot;:&quot;&quot;,&quot;isLinked&quot;:true},&quot;element_pack_global_tooltip_border_radius_tablet&quot;:{&quot;unit&quot;:&quot;px&quot;,&quot;top&quot;:&quot;&quot;,&quot;right&quot;:&quot;&quot;,&quot;bottom&quot;:&quot;&quot;,&quot;left&quot;:&quot;&quot;,&quot;isLinked&quot;:true},&quot;element_pack_global_tooltip_border_radius_mobile&quot;:{&quot;unit&quot;:&quot;px&quot;,&quot;top&quot;:&quot;&quot;,&quot;right&quot;:&quot;&quot;,&quot;bottom&quot;:&quot;&quot;,&quot;left&quot;:&quot;&quot;,&quot;isLinked&quot;:true}}\" data-elementor-post-type=\"page\">\n\t\t\t\t<div class=\"elementor-element elementor-element-22f92dc e-flex e-con-boxed e-con e-parent\" data-id=\"22f92dc\" data-element_type=\"container\" data-e-type=\"container\">\n\t\t\t\t\t<div class=\"e-con-inner\">\n\t\t\t\t<div class=\"elementor-element elementor-element-da22dbc elementor-headline--style-highlight elementor-widget elementor-widget-animated-headline\" data-id=\"da22dbc\" data-element_type=\"widget\" data-e-type=\"widget\" data-settings=\"{&quot;highlighted_text&quot;:&quot;Value&quot;,&quot;headline_style&quot;:&quot;highlight&quot;,&quot;marker&quot;:&quot;circle&quot;,&quot;loop&quot;:&quot;yes&quot;,&quot;highlight_animation_duration&quot;:1200,&quot;highlight_iteration_delay&quot;:8000}\" data-widget_type=\"animated-headline.default\">\n\t\t\t\t<div class=\"elementor-widget-container\">\n\t\t\t\t\t\t\t<h3 class=\"elementor-headline\">\n\t\t\t\t<span class=\"elementor-headline-dynamic-wrapper elementor-headline-text-wrapper\">\n\t\t\t\t\t<span class=\"elementor-headline-dynamic-text elementor-headline-text-active\">Value<\/span>\n\t\t\t\t<\/span>\n\t\t\t\t\t<span class=\"elementor-headline-plain-text elementor-headline-text-wrapper\"> OUR COMMON HERITAGE<\/span>\n\t\t\t\t\t<\/h3>\n\t\t\t\t\t\t<\/div>\n\t\t\t\t<\/div>\n\t\t\t\t<div class=\"elementor-element elementor-element-2f0f91f elementor-widget elementor-widget-html\" data-id=\"2f0f91f\" data-element_type=\"widget\" data-e-type=\"widget\" data-widget_type=\"html.default\">\n\t\t\t\t<div class=\"elementor-widget-container\">\n\t\t\t\t\t<!-- Nawigacja -->\n<!-- Nawigacja -->\n<nav class=\"page-nav\">\n  <ul>\n    <li>\n      <a href=\"https:\/\/inthrace.unitbv.ro\/index.php\/pl\/home-2\/\">Strona g\u0142\u00f3wna<\/a>\n    <\/li>\n    <li><a href=\"#welcome\">Witamy<\/a><\/li>\n    <li><a href=\"#about\">O projekcie<\/a><\/li>\n    <li><a href=\"#partners\">Partnerzy<\/a><\/li>\n    <li><a href=\"#mission\">Misja i cele<\/a><\/li>\n  <\/ul>\n<\/nav>\n\n<!-- Styles -->\n<style>\nhtml {\n  scroll-behavior: smooth;\n}\nbody, p, ul, li, h3 {\n  font-family: Arial, sans-serif;\n  font-size: 16px;\n}\n.page-nav {\n  position: sticky;\n  top: 0;\n  z-index: 999;\n  background: #f9fafb;\n  padding: 1rem;\n  text-align: center;\n  box-shadow: 0 2px 8px rgba(0, 0, 0, 0.1);\n}\n.page-nav ul {\n  list-style: none;\n  padding: 0;\n  margin: 0;\n  display: flex;\n  justify-content: center;\n  gap: 2rem;\n  flex-wrap: wrap;\n}\n.page-nav a {\n  color: #333;\n  font-weight: bold;\n  text-decoration: none;\n  transition: color 0.3s ease;\n}\n.page-nav a:hover {\n  color: #facc15;\n}\n.section-container {\n  padding: 3rem 2rem;\n  margin-bottom: 2rem;\n  border-radius: 15px;\n  background-color: #f3f4f6;\n  box-shadow: 0 4px 12px rgba(0, 0, 0, 0.05);\n}\n.welcome-section {\n  background: linear-gradient(145deg, #f0f4f8, #ffffff);\n  text-align: center;\n}\n.welcome-content h1 {\n  font-size: 2.8rem;\n  color: #facc15;\n}\n.welcome-content .highlight {\n  color: #1a1a1a;\n}\n.welcome-content p {\n  font-size: 1.2rem;\n  color: #333;\n  max-width: 700px;\n  margin: 0 auto;\n  line-height: 1.6;\n}\n.erasmus-bg {\n  background-color: #ffffff;\n}\n.erasmus-content {\n  max-width: 960px;\n  margin: 0 auto;\n  padding: 2rem;\n  border-radius: 12px;\n  text-align: center;\n  color: #1a1a1a;\n}\n.erasmus-logo {\n  max-width: 200px;\n  height: auto;\n  margin-bottom: 1.2rem;\n  border-radius: 8px;\n}\n.erasmus-content h3 {\n  font-size: 1.25rem;\n  text-align: center;\n}\n.erasmus-content p {\n  text-align: justify;\n}\n.erasmus-button {\n  display: inline-block;\n  background-color: #facc15;\n  color: #000;\n  padding: 0.75rem 1.5rem;\n  border-radius: 8px;\n  text-decoration: none;\n  font-weight: bold;\n  transition: background 0.3s ease;\n  margin-top: 1rem;\n}\n.erasmus-button:hover {\n  background-color: #ffe066;\n}\n.mission-icon {\n  width: 32px;\n  height: 32px;\n  margin-top: 3px;\n  flex-shrink: 0;\n  opacity: 0.8;\n  filter: grayscale(100%);\n}\n.mission-box {\n  background-color: #f9fafb;\n  border-left: 3px solid #facc15;\n  padding: 1rem;\n  border-radius: 6px;\n  box-shadow: 0 1px 3px rgba(0, 0, 0, 0.05);\n  display: flex;\n  gap: 0.6rem;\n  align-items: flex-start;\n}\n.mission-box h4 {\n  margin: 0 0 0.3rem;\n  color: #1a1a1a;\n  font-size: 1.2rem;\n  font-weight: bold;\n}\n.mission-box p, .mission-box ul {\n  margin: 0;\n  color: #333;\n  font-size: 0.92rem;\n  line-height: 1.5;\n}\n.mission-grid {\n  display: grid;\n  grid-template-columns: repeat(auto-fit, minmax(280px, 1fr));\n  gap: 1.5rem;\n}\n.mission-box ul {\n  padding-left: 1rem;\n  list-style: none;\n}\n.mission-box ul li::before {\n  content: \"\\2611\";\n  color: #facc15;\n  font-size: 0.9rem;\n  margin-right: 0.4rem;\n}\n<\/style>\n<!-- Sekcja Powitalna -->\n<div id=\"welcome\" class=\"section-container welcome-section\">\n  <div class=\"welcome-content\">\n    <h1>Witamy w projekcie <span class=\"highlight\">InThrace<\/span><\/h1>\n    <p>Wzmacniamy spo\u0142eczno\u015bci poprzez niematerialne dziedzictwo kulturowe oraz europejsk\u0105 wsp\u00f3\u0142prac\u0119 w dziedzinie edukacji.<\/p>\n  <\/div>\n<\/div>\n\n<!-- Sekcja O projekcie -->\n<div id=\"about\" class=\"section-container erasmus-bg\">\n  <div class=\"section-content erasmus-content\">\n    <img decoding=\"async\" src=\"https:\/\/inthrace.unitbv.ro\/wp-content\/uploads\/2025\/01\/INTHr_750x750-e1743045611748.png\" alt=\"Logo projektu InThrace\" class=\"erasmus-logo\" \/>\n    <h3 style=\"font-size: 1.25rem; font-weight: bold;\">2023-1-RO01-KA220-HED-000156121<\/h3>\n    <p style=\"font-size: 1.5rem; font-weight: bold; color: #205A9B;\">\n      Zaanga\u017cowanie obywatelskie, integracja i lepsze zarz\u0105dzanie narodowym dziedzictwem niematerialnym w celu zwi\u0119kszenia \u015bwiadomo\u015bci wsp\u00f3lnych warto\u015bci europejskich \u2013 kontekst UE, perspektywy i aktywne obywatelstwo.\n    <\/p>\n    <p>Europejskie partnerstwo wsp\u00f3\u0142pracy w szkolnictwie wy\u017cszym, finansowane w ramach programu Erasmus+, dzia\u0142anie KA220-HED.<\/p>\n    <a href=\"https:\/\/erasmus-plus.ec.europa.eu\/projects\/search\/details\/2023-1-RO01-KA220-HED-000156121\" target=\"_blank\" class=\"erasmus-button\">Zobacz projekt Erasmus+<\/a>\n  <\/div>\n<\/div>\n\n<!-- Sekcja Partnerzy -->\n<div id=\"partners\" class=\"section-container erasmus-bg\">\n  <div class=\"section-content erasmus-content\">\n    <img decoding=\"async\" src=\"https:\/\/inthrace.unitbv.ro\/wp-content\/uploads\/2025\/01\/image.png\" alt=\"Logo UNITBV\" class=\"erasmus-logo\"\/>\n    <h3>Uniwersytet Transylwanii w Braszowie, Rumunia (Koordynator)<\/h3>\n    <p>Uniwersytet Transylwanii w Braszowie (UNITBV) to czo\u0142owy publiczny uniwersytet w \u015brodkowej Rumunii, za\u0142o\u017cony w 1948 roku. Oferuje szerok\u0105 gam\u0119 program\u00f3w studi\u00f3w i stawia na innowacyjno\u015b\u0107, interdyscyplinarno\u015b\u0107 oraz umi\u0119dzynarodowienie. Posiada nowoczesny Instytut Badawczo-Rozwojowy oraz silne partnerstwa mi\u0119dzynarodowe.<\/p>\n    <a href=\"http:\/\/www.unitbv.ro\/en\" target=\"_blank\" class=\"erasmus-button\">Odwied\u017a oficjaln\u0105 stron\u0119<\/a>\n  <\/div>\n\n  <div class=\"section-content erasmus-content\">\n    <img decoding=\"async\" src=\"https:\/\/inthrace.unitbv.ro\/wp-content\/uploads\/2025\/01\/image-1.png\" class=\"erasmus-logo\"\/>\n    <h3>Uniwersytet Warszawski, Polska<\/h3>\n    <p>Za\u0142o\u017cony w 1816 roku, Uniwersytet Warszawski jest najwi\u0119ksz\u0105 i najwy\u017cej ocenian\u0105 uczelni\u0105 w Polsce, znan\u0105 na ca\u0142ym \u015bwiecie z doskona\u0142o\u015bci naukowej. Uczelnia oferuje szeroki wachlarz kierunk\u00f3w, wspiera badania interdyscyplinarne oraz zapewnia inkluzywne \u015brodowisko akademickie.<\/p>\n    <a href=\"https:\/\/en.uw.edu.pl\/\" target=\"_blank\" class=\"erasmus-button\">Odwied\u017a oficjaln\u0105 stron\u0119<\/a>\n  <\/div>\n\n  <div class=\"section-content erasmus-content\">\n    <img decoding=\"async\" src=\"https:\/\/inthrace.unitbv.ro\/wp-content\/uploads\/2025\/01\/image-2.png\" class=\"erasmus-logo\"\/>\n    <h3>Uniwersytet Zachodniej Attyki, Grecja<\/h3>\n    <p>Uniwersytet Zachodniej Attyki (UNIWA) to dynamiczna uczelnia oferuj\u0105ca nowoczesne programy odpowiadaj\u0105ce potrzebom rynku. Dzi\u0119ki nowoczesnej infrastrukturze i do\u015bwiadczonej kadrze zapewnia wysok\u0105 jako\u015b\u0107 edukacji.<\/p>\n    <a href=\"https:\/\/www.uniwa.gr\/en\/\" target=\"_blank\" class=\"erasmus-button\">Odwied\u017a oficjaln\u0105 stron\u0119<\/a>\n  <\/div>\n\n  <div class=\"section-content erasmus-content\">\n    <img decoding=\"async\" src=\"https:\/\/inthrace.unitbv.ro\/wp-content\/uploads\/2025\/01\/image-3.png\" class=\"erasmus-logo\"\/>\n    <h3>Uniwersytet w Zagrzebiu, Chorwacja<\/h3>\n    <p>Za\u0142o\u017cony w 1669 roku Uniwersytet w Zagrzebiu to najstarsza i najwi\u0119ksza uczelnia w Europie Po\u0142udniowo-Wschodniej. Oferuje kompleksowe programy we wszystkich dziedzinach nauki, koncentruj\u0105c si\u0119 na badaniach i innowacjach oraz promowaniu praw cz\u0142owieka i zr\u00f3wnowa\u017conego rozwoju.<\/p>\n    <a href=\"https:\/\/www.unizg.hr\/homepage\/\" target=\"_blank\" class=\"erasmus-button\">Odwied\u017a oficjaln\u0105 stron\u0119<\/a>\n  <\/div>\n\n  <div class=\"section-content erasmus-content\">\n    <img decoding=\"async\" src=\"https:\/\/inthrace.unitbv.ro\/wp-content\/uploads\/2025\/01\/image-4.png\" class=\"erasmus-logo\"\/>\n    <h3>Uniwersytet Azor\u00f3w, Portugalia<\/h3>\n    <p>Uniwersytet Azor\u00f3w (UAc), za\u0142o\u017cony w 1976 roku, odgrywa kluczow\u0105 rol\u0119 w rozwoju regionu Azor\u00f3w. Uczelnia posiada kampusy na trzech wyspach i specjalizuje si\u0119 w badaniach nad Oceanem Atlantyckim, zagro\u017ceniami naturalnymi i bior\u00f3\u017cnorodno\u015bci\u0105.<\/p>\n    <a href=\"https:\/\/international.uac.pt\/\" target=\"_blank\" class=\"erasmus-button\">Odwied\u017a oficjaln\u0105 stron\u0119<\/a>\n  <\/div>\n\n  <div class=\"section-content erasmus-content\">\n    <img decoding=\"async\" src=\"https:\/\/inthrace.unitbv.ro\/wp-content\/uploads\/2025\/01\/image-5.png\" class=\"erasmus-logo\"\/>\n    <h3>Fundacja Pax Rhodopica, Bu\u0142garia<\/h3>\n    <p>Fundacja Pax Rhodopica to bu\u0142garska organizacja pozarz\u0105dowa wspieraj\u0105ca rozw\u00f3j spo\u0142eczny i gospodarczy poprzez przedsi\u0119biorczo\u015b\u0107, innowacje i szkolenia zawodowe. Aktywnie promuje dziedzictwo kulturowe i w\u0142\u0105czenie spo\u0142eczne, szczeg\u00f3lnie na obszarach wiejskich.<\/p>\n    <a href=\"https:\/\/www.paxrhodopica.eu\/\" target=\"_blank\" class=\"erasmus-button\">Odwied\u017a oficjaln\u0105 stron\u0119<\/a>\n  <\/div>\n<\/div>\n\n<!-- Sekcja Misja i Cele -->\n<div id=\"mission\" class=\"section-container erasmus-bg\">\n  <div class=\"section-content erasmus-content\">\n    <div class=\"mission-grid\">\n      <div class=\"mission-box\">\n        <img decoding=\"async\" src=\"https:\/\/cdn-icons-png.flaticon.com\/512\/271\/271228.png\" class=\"mission-icon\" alt=\"Ikona Strza\u0142ka\"\/>\n        <div>\n          <h4>Nasza misja<\/h4>\n          <p>Naszym celem jest \u0142\u0105czenie ludzi z ich dziedzictwem kulturowym poprzez innowacyjne podej\u015bcia. Promujemy wsp\u00f3\u0142prac\u0119, zrozumienie i celebracj\u0119 r\u00f3\u017cnorodno\u015bci.<\/p>\n        <\/div>\n      <\/div>\n\n      <div class=\"mission-box\">\n        <img decoding=\"async\" src=\"https:\/\/cdn-icons-png.flaticon.com\/512\/3064\/3064197.png\" class=\"mission-icon\" alt=\"Ikona Cel\"\/>\n        <div>\n          <h4>Nasz cel<\/h4>\n          <p>Celem projektu jest dostarczenie kompleksowego zestawu narz\u0119dzi i zasob\u00f3w: ram metodologicznych, materia\u0142\u00f3w szkoleniowych, modelu integracji dziedzictwa, przewodnika trenera, platformy cyfrowej, biblioteki oraz kampanii promocyjnej \u2013 wszystko to w celu ochrony to\u017csamo\u015bci kulturowej i promowania tolerancji i r\u00f3\u017cnorodno\u015bci.<\/p>\n        <\/div>\n      <\/div>\n\n      <div class=\"mission-box\">\n        <img decoding=\"async\" src=\"https:\/\/cdn-icons-png.flaticon.com\/512\/681\/681392.png\" class=\"mission-icon\" alt=\"Ikona \u017bar\u00f3wka i Ko\u0142a z\u0119bate\"\/>\n        <div>\n          <h4>Nasze warto\u015bci<\/h4>\n          <p>Wierzymy w empati\u0119, jedno\u015b\u0107, edukacj\u0119 i zr\u00f3wnowa\u017cony rozw\u00f3j. Te zasady kszta\u0142tuj\u0105 nasze dzia\u0142ania i zobowi\u0105zanie wobec dziedzictwa kulturowego.<\/p>\n        <\/div>\n      <\/div>\n\n      <div class=\"mission-box\">\n        <img decoding=\"async\" src=\"https:\/\/cdn-icons-png.flaticon.com\/512\/1828\/1828961.png\" class=\"mission-icon\" alt=\"Ikona Spo\u0142eczno\u015b\u0107\"\/>\n        <div>\n          <h4>Nasze podej\u015bcie<\/h4>\n          <p>Uwzgl\u0119dniamy opinie u\u017cytkownik\u00f3w, aby dostosowa\u0107 nasze projekty do potrzeb spo\u0142eczno\u015bci i wspiera\u0107 zr\u00f3wnowa\u017cony rozw\u00f3j.<\/p>\n        <\/div>\n      <\/div>\n\n      <div class=\"mission-box\">\n        <img decoding=\"async\" src=\"https:\/\/cdn-icons-png.flaticon.com\/512\/992\/992651.png\" class=\"mission-icon\" alt=\"Ikona Lista\"\/>\n        <div>\n          <h4>Cele<\/h4>\n          <ul>\n            <li><strong>Wzmocnienie kadry akademickiej:<\/strong> Rozwijanie umiej\u0119tno\u015bci nauczycieli akademickich w zakresie interpretacji i integracji dziedzictwa niematerialnego w \u017cycie miejskie i spo\u0142eczne.<\/li>\n            <li><strong>Promowanie inkluzywno\u015bci:<\/strong> Budowanie otwartego spo\u0142ecze\u0144stwa opartego na wsp\u00f3lnym dziedzictwie kulturowym w zjednoczonej Europie.<\/li>\n            <li><strong>Wzbogacenie turystyki:<\/strong> Tworzenie i dzielenie si\u0119 dobrymi praktykami integruj\u0105cymi dziedzictwo niematerialne z ofert\u0105 turystyczn\u0105.<\/li>\n          <\/ul>\n        <\/div>\n      <\/div>\n    <\/div>\n  <\/div>\n<\/div>\t\t\t\t<\/div>\n\t\t\t\t<\/div>\n\t\t\t\t\t<\/div>\n\t\t\t\t<\/div>\n\t\t\t\t<\/div>\n\t\t","protected":false},"excerpt":{"rendered":"<p>Value OUR COMMON HERITAGE Strona g\u0142\u00f3wna Witamy O projekcie Partnerzy Misja i cele Witamy w projekcie InThrace Wzmacniamy spo\u0142eczno\u015bci poprzez niematerialne dziedzictwo kulturowe oraz europejsk\u0105 wsp\u00f3\u0142prac\u0119 w dziedzinie edukacji. 2023-1-RO01-KA220-HED-000156121 Zaanga\u017cowanie obywatelskie, integracja i lepsze zarz\u0105dzanie narodowym dziedzictwem niematerialnym w celu zwi\u0119kszenia \u015bwiadomo\u015bci wsp\u00f3lnych warto\u015bci europejskich \u2013 kontekst UE, perspektywy i aktywne obywatelstwo. Europejskie partnerstwo wsp\u00f3\u0142pracy w szkolnictwie wy\u017cszym, finansowane w ramach programu Erasmus+, dzia\u0142anie KA220-HED. Zobacz projekt Erasmus+ Uniwersytet Transylwanii w Braszowie, Rumunia (Koordynator) Uniwersytet Transylwanii w Braszowie (UNITBV) to czo\u0142owy publiczny uniwersytet w \u015brodkowej Rumunii, za\u0142o\u017cony w 1948 roku. Oferuje szerok\u0105 gam\u0119 program\u00f3w studi\u00f3w i stawia na innowacyjno\u015b\u0107, interdyscyplinarno\u015b\u0107 oraz umi\u0119dzynarodowienie. Posiada nowoczesny Instytut Badawczo-Rozwojowy oraz silne partnerstwa mi\u0119dzynarodowe. Odwied\u017a oficjaln\u0105 stron\u0119 Uniwersytet Warszawski, Polska Za\u0142o\u017cony w 1816 roku, Uniwersytet Warszawski jest najwi\u0119ksz\u0105 i najwy\u017cej ocenian\u0105 uczelni\u0105 w Polsce, znan\u0105 na ca\u0142ym \u015bwiecie z doskona\u0142o\u015bci naukowej. Uczelnia oferuje szeroki wachlarz kierunk\u00f3w, wspiera badania interdyscyplinarne oraz zapewnia inkluzywne \u015brodowisko akademickie. Odwied\u017a oficjaln\u0105 stron\u0119 Uniwersytet Zachodniej Attyki, Grecja Uniwersytet Zachodniej Attyki (UNIWA) to dynamiczna uczelnia oferuj\u0105ca nowoczesne programy odpowiadaj\u0105ce potrzebom rynku. Dzi\u0119ki nowoczesnej infrastrukturze i do\u015bwiadczonej kadrze zapewnia wysok\u0105 jako\u015b\u0107 edukacji. Odwied\u017a oficjaln\u0105 stron\u0119 Uniwersytet w Zagrzebiu, Chorwacja Za\u0142o\u017cony w 1669 roku Uniwersytet w Zagrzebiu to najstarsza i najwi\u0119ksza uczelnia [&hellip;]<\/p>\n","protected":false},"author":1,"featured_media":0,"parent":0,"menu_order":0,"comment_status":"closed","ping_status":"closed","template":"elementor_header_footer","meta":{"footnotes":""},"folder":[],"class_list":["post-446","page","type-page","status-publish","hentry"],"_links":{"self":[{"href":"https:\/\/inthrace.unitbv.ro\/index.php\/wp-json\/wp\/v2\/pages\/446","targetHints":{"allow":["GET"]}}],"collection":[{"href":"https:\/\/inthrace.unitbv.ro\/index.php\/wp-json\/wp\/v2\/pages"}],"about":[{"href":"https:\/\/inthrace.unitbv.ro\/index.php\/wp-json\/wp\/v2\/types\/page"}],"author":[{"embeddable":true,"href":"https:\/\/inthrace.unitbv.ro\/index.php\/wp-json\/wp\/v2\/users\/1"}],"replies":[{"embeddable":true,"href":"https:\/\/inthrace.unitbv.ro\/index.php\/wp-json\/wp\/v2\/comments?post=446"}],"version-history":[{"count":19,"href":"https:\/\/inthrace.unitbv.ro\/index.php\/wp-json\/wp\/v2\/pages\/446\/revisions"}],"predecessor-version":[{"id":2496,"href":"https:\/\/inthrace.unitbv.ro\/index.php\/wp-json\/wp\/v2\/pages\/446\/revisions\/2496"}],"wp:attachment":[{"href":"https:\/\/inthrace.unitbv.ro\/index.php\/wp-json\/wp\/v2\/media?parent=446"}],"wp:term":[{"taxonomy":"folder","embeddable":true,"href":"https:\/\/inthrace.unitbv.ro\/index.php\/wp-json\/wp\/v2\/folder?post=446"}],"curies":[{"name":"wp","href":"https:\/\/api.w.org\/{rel}","templated":true}]}}