{"id":1539,"date":"2025-05-22T19:02:02","date_gmt":"2025-05-22T16:02:02","guid":{"rendered":"https:\/\/inthrace.unitbv.ro\/?page_id=1539"},"modified":"2026-01-10T21:40:01","modified_gmt":"2026-01-10T19:40:01","slug":"home-2","status":"publish","type":"page","link":"https:\/\/inthrace.unitbv.ro\/index.php\/pl\/home-2\/","title":{"rendered":"Home PL"},"content":{"rendered":"\t\t<div data-elementor-type=\"wp-page\" data-elementor-id=\"1539\" class=\"elementor elementor-1539\" data-elementor-settings=\"{&quot;element_pack_global_tooltip_width&quot;:{&quot;unit&quot;:&quot;px&quot;,&quot;size&quot;:&quot;&quot;,&quot;sizes&quot;:[]},&quot;element_pack_global_tooltip_width_widescreen&quot;:{&quot;unit&quot;:&quot;px&quot;,&quot;size&quot;:&quot;&quot;,&quot;sizes&quot;:[]},&quot;element_pack_global_tooltip_width_laptop&quot;:{&quot;unit&quot;:&quot;px&quot;,&quot;size&quot;:&quot;&quot;,&quot;sizes&quot;:[]},&quot;element_pack_global_tooltip_width_tablet&quot;:{&quot;unit&quot;:&quot;px&quot;,&quot;size&quot;:&quot;&quot;,&quot;sizes&quot;:[]},&quot;element_pack_global_tooltip_width_mobile&quot;:{&quot;unit&quot;:&quot;px&quot;,&quot;size&quot;:&quot;&quot;,&quot;sizes&quot;:[]},&quot;element_pack_global_tooltip_padding&quot;:{&quot;unit&quot;:&quot;px&quot;,&quot;top&quot;:&quot;&quot;,&quot;right&quot;:&quot;&quot;,&quot;bottom&quot;:&quot;&quot;,&quot;left&quot;:&quot;&quot;,&quot;isLinked&quot;:true},&quot;element_pack_global_tooltip_padding_widescreen&quot;:{&quot;unit&quot;:&quot;px&quot;,&quot;top&quot;:&quot;&quot;,&quot;right&quot;:&quot;&quot;,&quot;bottom&quot;:&quot;&quot;,&quot;left&quot;:&quot;&quot;,&quot;isLinked&quot;:true},&quot;element_pack_global_tooltip_padding_laptop&quot;:{&quot;unit&quot;:&quot;px&quot;,&quot;top&quot;:&quot;&quot;,&quot;right&quot;:&quot;&quot;,&quot;bottom&quot;:&quot;&quot;,&quot;left&quot;:&quot;&quot;,&quot;isLinked&quot;:true},&quot;element_pack_global_tooltip_padding_tablet&quot;:{&quot;unit&quot;:&quot;px&quot;,&quot;top&quot;:&quot;&quot;,&quot;right&quot;:&quot;&quot;,&quot;bottom&quot;:&quot;&quot;,&quot;left&quot;:&quot;&quot;,&quot;isLinked&quot;:true},&quot;element_pack_global_tooltip_padding_mobile&quot;:{&quot;unit&quot;:&quot;px&quot;,&quot;top&quot;:&quot;&quot;,&quot;right&quot;:&quot;&quot;,&quot;bottom&quot;:&quot;&quot;,&quot;left&quot;:&quot;&quot;,&quot;isLinked&quot;:true},&quot;element_pack_global_tooltip_border_radius&quot;:{&quot;unit&quot;:&quot;px&quot;,&quot;top&quot;:&quot;&quot;,&quot;right&quot;:&quot;&quot;,&quot;bottom&quot;:&quot;&quot;,&quot;left&quot;:&quot;&quot;,&quot;isLinked&quot;:true},&quot;element_pack_global_tooltip_border_radius_widescreen&quot;:{&quot;unit&quot;:&quot;px&quot;,&quot;top&quot;:&quot;&quot;,&quot;right&quot;:&quot;&quot;,&quot;bottom&quot;:&quot;&quot;,&quot;left&quot;:&quot;&quot;,&quot;isLinked&quot;:true},&quot;element_pack_global_tooltip_border_radius_laptop&quot;:{&quot;unit&quot;:&quot;px&quot;,&quot;top&quot;:&quot;&quot;,&quot;right&quot;:&quot;&quot;,&quot;bottom&quot;:&quot;&quot;,&quot;left&quot;:&quot;&quot;,&quot;isLinked&quot;:true},&quot;element_pack_global_tooltip_border_radius_tablet&quot;:{&quot;unit&quot;:&quot;px&quot;,&quot;top&quot;:&quot;&quot;,&quot;right&quot;:&quot;&quot;,&quot;bottom&quot;:&quot;&quot;,&quot;left&quot;:&quot;&quot;,&quot;isLinked&quot;:true},&quot;element_pack_global_tooltip_border_radius_mobile&quot;:{&quot;unit&quot;:&quot;px&quot;,&quot;top&quot;:&quot;&quot;,&quot;right&quot;:&quot;&quot;,&quot;bottom&quot;:&quot;&quot;,&quot;left&quot;:&quot;&quot;,&quot;isLinked&quot;:true}}\" data-elementor-post-type=\"page\">\n\t\t\t\t<div class=\"elementor-element elementor-element-3By9O8m e-con-full e-flex e-con e-parent\" data-id=\"3By9O8m\" data-element_type=\"container\" data-e-type=\"container\" data-settings=\"{&quot;section_parallax_on&quot;:&quot;yes&quot;}\">\n\t\t<div class=\"elementor-element elementor-element-EbsWfB4 e-con-full e-flex e-con e-child\" data-id=\"EbsWfB4\" data-element_type=\"container\" data-e-type=\"container\">\n\t\t\t\t<div class=\"elementor-element elementor-element-9e0e81f bdt-backdrop-filter-yes bdt-background-overlay-yes bdt-scroll-effect-yes bdt-scroll-effect-scroll_fill bdt-filter-backdrop elementor-widget elementor-widget-heading\" data-id=\"9e0e81f\" data-element_type=\"widget\" data-e-type=\"widget\" data-settings=\"{&quot;ep_widget_sf_fx_enable&quot;:&quot;yes&quot;,&quot;ep_widget_sf_fx_animation_type&quot;:&quot;scroll_fill&quot;}\" data-widget_type=\"heading.default\">\n\t\t\t\t<div class=\"elementor-widget-container\">\n\t\t\t\t\t<h2 class=\"elementor-heading-title elementor-size-default\">Zaanga\u017cowanie obywatelskie, integracja oraz lepsze zarz\u0105dzanie narodowym niematerialnym dziedzictwem kulturowym w celu podnoszenia \u015bwiadomo\u015bci wsp\u00f3lnych warto\u015bci europejskich \u2013 kontekst UE, perspektywy i aktywne obywatelstwo.<\/h2>\t\t\t\t<\/div>\n\t\t\t\t<\/div>\n\t\t\t\t<\/div>\n\t\t\t\t<div class=\"elementor-element elementor-element-gYQ1Whf elementor-widget__width-auto elementor-align-center elementor-button-info elementor-widget elementor-widget-button\" data-id=\"gYQ1Whf\" data-element_type=\"widget\" data-e-type=\"widget\" data-widget_type=\"button.default\">\n\t\t\t\t<div class=\"elementor-widget-container\">\n\t\t\t\t\t\t\t\t\t<div class=\"elementor-button-wrapper\">\n\t\t\t\t\t<a class=\"elementor-button elementor-button-link elementor-size-sm\" href=\"https:\/\/inthrace.unitbv.ro\/index.php\/pl\/home-2\/\">\n\t\t\t\t\t\t<span class=\"elementor-button-content-wrapper\">\n\t\t\t\t\t\t\t\t\t<span class=\"elementor-button-text\">Poznaj<\/span>\n\t\t\t\t\t<\/span>\n\t\t\t\t\t<\/a>\n\t\t\t\t<\/div>\n\t\t\t\t\t\t\t\t<\/div>\n\t\t\t\t<\/div>\n\t\t\t\t<\/div>\n\t\t<div class=\"elementor-element elementor-element-1d212d3 element-pack-agbg-yes e-flex e-con-boxed e-con e-parent\" data-id=\"1d212d3\" data-element_type=\"container\" data-e-type=\"container\" data-settings=\"{&quot;element_pack_agbg_show&quot;:&quot;yes&quot;,&quot;element_pack_agbg_color_list&quot;:[{&quot;start_color&quot;:&quot;#0A9BF6&quot;,&quot;_id&quot;:&quot;fe3fdb1&quot;,&quot;end_color&quot;:&quot;#fefefe&quot;},{&quot;start_color&quot;:&quot;#567445&quot;,&quot;end_color&quot;:&quot;#1D1BE0&quot;,&quot;_id&quot;:&quot;0ab962e&quot;}],&quot;element_pack_agbg_direction&quot;:&quot;diagonal&quot;,&quot;element_pack_agbg_transitionSpeed&quot;:{&quot;unit&quot;:&quot;px&quot;,&quot;size&quot;:&quot;&quot;,&quot;sizes&quot;:[]}}\">\n\t\t\t\t\t<div class=\"e-con-inner\">\n\t\t<div class=\"elementor-element elementor-element-ba7a142 bdt-particles-yes e-con-full e-flex e-con e-child\" data-id=\"ba7a142\" data-element_type=\"container\" data-e-type=\"container\" data-settings=\"{&quot;section_particles_on&quot;:&quot;yes&quot;}\">\n\t\t<div class=\"elementor-element elementor-element-65779e9 e-con-full e-flex e-con e-child\" data-id=\"65779e9\" data-element_type=\"container\" data-e-type=\"container\">\n\t\t\t\t<div class=\"elementor-element elementor-element-062d8d8 elementor-widget elementor-widget-heading\" data-id=\"062d8d8\" data-element_type=\"widget\" data-e-type=\"widget\" data-widget_type=\"heading.default\">\n\t\t\t\t<div class=\"elementor-widget-container\">\n\t\t\t\t\t<h2 class=\"elementor-heading-title elementor-size-default\">Nasza wizja wsp\u00f3lnej przysz\u0142o\u015bci<\/h2>\t\t\t\t<\/div>\n\t\t\t\t<\/div>\n\t\t\t\t<\/div>\n\t\t<div class=\"elementor-element elementor-element-f6532e7 e-con-full e-flex e-con e-child\" data-id=\"f6532e7\" data-element_type=\"container\" data-e-type=\"container\">\n\t\t\t\t<div class=\"elementor-element elementor-element-313cc15 elementor-widget elementor-widget-text-editor\" data-id=\"313cc15\" data-element_type=\"widget\" data-e-type=\"widget\" data-widget_type=\"text-editor.default\">\n\t\t\t\t<div class=\"elementor-widget-container\">\n\t\t\t\t\t\t\t\t\t<div class=\"blur-text-box\"><p>Nasza europejska to\u017csamo\u015b\u0107 znajduje odzwierciedlenie w bogactwie naszego niematerialnego dziedzictwa. \u0141\u0105cz\u0105c spo\u0142eczno\u015bci z ich histori\u0105, chcemy wzmocni\u0107 poczucie przynale\u017cno\u015bci i zaanga\u017cowania obywatelskiego.<\/p><p>Ta wizja zach\u0119ca do wsp\u00f3\u0142pracy mi\u0119dzy nauczycielami, pobudza dialog i motywuje lokalnych lider\u00f3w do dzia\u0142ania. Razem mo\u017cemy podkre\u015bli\u0107 nasz\u0105 wsp\u00f3ln\u0105 histori\u0119 i kszta\u0142towa\u0107 nasz\u0105 wsp\u00f3ln\u0105 przysz\u0142o\u015b\u0107, dbaj\u0105c o to, aby ka\u017cdy g\u0142os zosta\u0142 us\u0142yszany w europejskiej narracji.<\/p><p><strong>Do\u0142\u0105cz do nas w tej podr\u00f3\u017cy, aby celebrowa\u0107 nasze dziedzictwo i doceni\u0107 warto\u015bci, kt\u00f3re nas \u0142\u0105cz\u0105.<\/strong><\/p><\/div>\t\t\t\t\t\t\t\t<\/div>\n\t\t\t\t<\/div>\n\t\t\t\t<div class=\"elementor-element elementor-element-7ec6635 elementor-icon-list--layout-traditional elementor-list-item-link-full_width elementor-widget elementor-widget-icon-list\" data-id=\"7ec6635\" data-element_type=\"widget\" data-e-type=\"widget\" data-widget_type=\"icon-list.default\">\n\t\t\t\t<div class=\"elementor-widget-container\">\n\t\t\t\t\t\t\t<ul class=\"elementor-icon-list-items\">\n\t\t\t\t\t\t\t<li class=\"elementor-icon-list-item\">\n\t\t\t\t\t\t\t\t\t\t<span class=\"elementor-icon-list-text\">Wzmacniaj spo\u0142eczno\u015bci poprzez dziedzictwo.<\/span>\n\t\t\t\t\t\t\t\t\t<\/li>\n\t\t\t\t\t\t\t\t<li class=\"elementor-icon-list-item\">\n\t\t\t\t\t\t\t\t\t\t<span class=\"elementor-icon-list-text\">Wspieraj wsp\u00f3\u0142prac\u0119, aby osi\u0105gn\u0105\u0107 trwa\u0142e efekty.<\/span>\n\t\t\t\t\t\t\t\t\t<\/li>\n\t\t\t\t\t\t\t\t<li class=\"elementor-icon-list-item\">\n\t\t\t\t\t\t\t\t\t\t<span class=\"elementor-icon-list-text\">\u015awi\u0119tujcie razem narracje kulturowe.<\/span>\n\t\t\t\t\t\t\t\t\t<\/li>\n\t\t\t\t\t\t<\/ul>\n\t\t\t\t\t\t<\/div>\n\t\t\t\t<\/div>\n\t\t\t\t<\/div>\n\t\t\t\t<\/div>\n\t\t\t\t\t<\/div>\n\t\t\t\t<\/div>\n\t\t\t\t<\/div>\n\t\t","protected":false},"excerpt":{"rendered":"<p>Zaanga\u017cowanie obywatelskie, integracja oraz lepsze zarz\u0105dzanie narodowym niematerialnym dziedzictwem kulturowym w celu podnoszenia \u015bwiadomo\u015bci wsp\u00f3lnych warto\u015bci europejskich \u2013 kontekst UE, perspektywy i aktywne obywatelstwo. Poznaj Nasza wizja wsp\u00f3lnej przysz\u0142o\u015bci Nasza europejska to\u017csamo\u015b\u0107 znajduje odzwierciedlenie w bogactwie naszego niematerialnego dziedzictwa. \u0141\u0105cz\u0105c spo\u0142eczno\u015bci z ich histori\u0105, chcemy wzmocni\u0107 poczucie przynale\u017cno\u015bci i zaanga\u017cowania obywatelskiego. Ta wizja zach\u0119ca do wsp\u00f3\u0142pracy mi\u0119dzy nauczycielami, pobudza dialog i motywuje lokalnych lider\u00f3w do dzia\u0142ania. Razem mo\u017cemy podkre\u015bli\u0107 nasz\u0105 wsp\u00f3ln\u0105 histori\u0119 i kszta\u0142towa\u0107 nasz\u0105 wsp\u00f3ln\u0105 przysz\u0142o\u015b\u0107, dbaj\u0105c o to, aby ka\u017cdy g\u0142os zosta\u0142 us\u0142yszany w europejskiej narracji. Do\u0142\u0105cz do nas w tej podr\u00f3\u017cy, aby celebrowa\u0107 nasze dziedzictwo i doceni\u0107 warto\u015bci, kt\u00f3re nas \u0142\u0105cz\u0105. Wzmacniaj spo\u0142eczno\u015bci poprzez dziedzictwo. Wspieraj wsp\u00f3\u0142prac\u0119, aby osi\u0105gn\u0105\u0107 trwa\u0142e efekty. \u015awi\u0119tujcie razem narracje kulturowe.<\/p>\n","protected":false},"author":1,"featured_media":613,"parent":0,"menu_order":0,"comment_status":"closed","ping_status":"closed","template":"page-homepage.php","meta":{"footnotes":""},"folder":[],"class_list":["post-1539","page","type-page","status-publish","has-post-thumbnail","hentry"],"_links":{"self":[{"href":"https:\/\/inthrace.unitbv.ro\/index.php\/wp-json\/wp\/v2\/pages\/1539","targetHints":{"allow":["GET"]}}],"collection":[{"href":"https:\/\/inthrace.unitbv.ro\/index.php\/wp-json\/wp\/v2\/pages"}],"about":[{"href":"https:\/\/inthrace.unitbv.ro\/index.php\/wp-json\/wp\/v2\/types\/page"}],"author":[{"embeddable":true,"href":"https:\/\/inthrace.unitbv.ro\/index.php\/wp-json\/wp\/v2\/users\/1"}],"replies":[{"embeddable":true,"href":"https:\/\/inthrace.unitbv.ro\/index.php\/wp-json\/wp\/v2\/comments?post=1539"}],"version-history":[{"count":25,"href":"https:\/\/inthrace.unitbv.ro\/index.php\/wp-json\/wp\/v2\/pages\/1539\/revisions"}],"predecessor-version":[{"id":2492,"href":"https:\/\/inthrace.unitbv.ro\/index.php\/wp-json\/wp\/v2\/pages\/1539\/revisions\/2492"}],"wp:featuredmedia":[{"embeddable":true,"href":"https:\/\/inthrace.unitbv.ro\/index.php\/wp-json\/wp\/v2\/media\/613"}],"wp:attachment":[{"href":"https:\/\/inthrace.unitbv.ro\/index.php\/wp-json\/wp\/v2\/media?parent=1539"}],"wp:term":[{"taxonomy":"folder","embeddable":true,"href":"https:\/\/inthrace.unitbv.ro\/index.php\/wp-json\/wp\/v2\/folder?post=1539"}],"curies":[{"name":"wp","href":"https:\/\/api.w.org\/{rel}","templated":true}]}}