{"id":1281,"date":"2025-05-20T23:50:44","date_gmt":"2025-05-20T23:50:44","guid":{"rendered":"https:\/\/inthrace.unitbv.ro\/?page_id=1281"},"modified":"2026-01-10T18:29:01","modified_gmt":"2026-01-10T16:29:01","slug":"wydarzenia","status":"publish","type":"page","link":"https:\/\/inthrace.unitbv.ro\/index.php\/pl\/wydarzenia\/","title":{"rendered":"EVENTS PL"},"content":{"rendered":"\t\t<div data-elementor-type=\"wp-page\" data-elementor-id=\"1281\" class=\"elementor elementor-1281\" data-elementor-settings=\"{&quot;element_pack_global_tooltip_width&quot;:{&quot;unit&quot;:&quot;px&quot;,&quot;size&quot;:&quot;&quot;,&quot;sizes&quot;:[]},&quot;element_pack_global_tooltip_width_widescreen&quot;:{&quot;unit&quot;:&quot;px&quot;,&quot;size&quot;:&quot;&quot;,&quot;sizes&quot;:[]},&quot;element_pack_global_tooltip_width_laptop&quot;:{&quot;unit&quot;:&quot;px&quot;,&quot;size&quot;:&quot;&quot;,&quot;sizes&quot;:[]},&quot;element_pack_global_tooltip_width_tablet&quot;:{&quot;unit&quot;:&quot;px&quot;,&quot;size&quot;:&quot;&quot;,&quot;sizes&quot;:[]},&quot;element_pack_global_tooltip_width_mobile&quot;:{&quot;unit&quot;:&quot;px&quot;,&quot;size&quot;:&quot;&quot;,&quot;sizes&quot;:[]},&quot;element_pack_global_tooltip_padding&quot;:{&quot;unit&quot;:&quot;px&quot;,&quot;top&quot;:&quot;&quot;,&quot;right&quot;:&quot;&quot;,&quot;bottom&quot;:&quot;&quot;,&quot;left&quot;:&quot;&quot;,&quot;isLinked&quot;:true},&quot;element_pack_global_tooltip_padding_widescreen&quot;:{&quot;unit&quot;:&quot;px&quot;,&quot;top&quot;:&quot;&quot;,&quot;right&quot;:&quot;&quot;,&quot;bottom&quot;:&quot;&quot;,&quot;left&quot;:&quot;&quot;,&quot;isLinked&quot;:true},&quot;element_pack_global_tooltip_padding_laptop&quot;:{&quot;unit&quot;:&quot;px&quot;,&quot;top&quot;:&quot;&quot;,&quot;right&quot;:&quot;&quot;,&quot;bottom&quot;:&quot;&quot;,&quot;left&quot;:&quot;&quot;,&quot;isLinked&quot;:true},&quot;element_pack_global_tooltip_padding_tablet&quot;:{&quot;unit&quot;:&quot;px&quot;,&quot;top&quot;:&quot;&quot;,&quot;right&quot;:&quot;&quot;,&quot;bottom&quot;:&quot;&quot;,&quot;left&quot;:&quot;&quot;,&quot;isLinked&quot;:true},&quot;element_pack_global_tooltip_padding_mobile&quot;:{&quot;unit&quot;:&quot;px&quot;,&quot;top&quot;:&quot;&quot;,&quot;right&quot;:&quot;&quot;,&quot;bottom&quot;:&quot;&quot;,&quot;left&quot;:&quot;&quot;,&quot;isLinked&quot;:true},&quot;element_pack_global_tooltip_border_radius&quot;:{&quot;unit&quot;:&quot;px&quot;,&quot;top&quot;:&quot;&quot;,&quot;right&quot;:&quot;&quot;,&quot;bottom&quot;:&quot;&quot;,&quot;left&quot;:&quot;&quot;,&quot;isLinked&quot;:true},&quot;element_pack_global_tooltip_border_radius_widescreen&quot;:{&quot;unit&quot;:&quot;px&quot;,&quot;top&quot;:&quot;&quot;,&quot;right&quot;:&quot;&quot;,&quot;bottom&quot;:&quot;&quot;,&quot;left&quot;:&quot;&quot;,&quot;isLinked&quot;:true},&quot;element_pack_global_tooltip_border_radius_laptop&quot;:{&quot;unit&quot;:&quot;px&quot;,&quot;top&quot;:&quot;&quot;,&quot;right&quot;:&quot;&quot;,&quot;bottom&quot;:&quot;&quot;,&quot;left&quot;:&quot;&quot;,&quot;isLinked&quot;:true},&quot;element_pack_global_tooltip_border_radius_tablet&quot;:{&quot;unit&quot;:&quot;px&quot;,&quot;top&quot;:&quot;&quot;,&quot;right&quot;:&quot;&quot;,&quot;bottom&quot;:&quot;&quot;,&quot;left&quot;:&quot;&quot;,&quot;isLinked&quot;:true},&quot;element_pack_global_tooltip_border_radius_mobile&quot;:{&quot;unit&quot;:&quot;px&quot;,&quot;top&quot;:&quot;&quot;,&quot;right&quot;:&quot;&quot;,&quot;bottom&quot;:&quot;&quot;,&quot;left&quot;:&quot;&quot;,&quot;isLinked&quot;:true}}\" data-elementor-post-type=\"page\">\n\t\t\t\t<div class=\"elementor-element elementor-element-b0f2be1 e-flex e-con-boxed e-con e-parent\" data-id=\"b0f2be1\" data-element_type=\"container\" data-e-type=\"container\">\n\t\t\t\t\t<div class=\"e-con-inner\">\n\t\t\t\t<div class=\"elementor-element elementor-element-2faf782 elementor-widget elementor-widget-html\" data-id=\"2faf782\" data-element_type=\"widget\" data-e-type=\"widget\" data-widget_type=\"html.default\">\n\t\t\t\t<div class=\"elementor-widget-container\">\n\t\t\t\t\t<style>\n  .event-section {\n    background: rgba(255, 255, 255, 0.65);\n    backdrop-filter: blur(12px);\n    -webkit-backdrop-filter: blur(12px);\n    padding: 40px;\n    margin-bottom: 40px;\n    border-radius: 16px;\n    box-shadow: 0 4px 30px rgba(0, 0, 0, 0.1);\n    max-width: 1000px;\n    margin-left: auto;\n    margin-right: auto;\n  }\n  .event-section h3 {\n    color: #003366;\n    margin-bottom: 10px;\n  }\n  .event-section p {\n    font-size: 16px;\n    color: #333;\n  }\n  .event-gallery {\n    display: flex;\n    gap: 16px;\n    flex-wrap: wrap;\n    margin-top: 20px;\n  }\n  .event-gallery img {\n    width: 100%;\n    max-width: 500px;\n    border-radius: 12px;\n    box-shadow: 0 2px 10px rgba(0, 0, 0, 0.1);\n  }\n<\/style>\n\n<div class=\"event-section\">\n  <h3>\ud83d\udccc Spotkanie otwieraj\u0105ce (Kick-off)<\/h3>\n  <p>Online | 7 lutego 2024<\/p>\n  <div class=\"event-gallery\">\n    <img decoding=\"async\" src=\"https:\/\/inthrace.unitbv.ro\/wp-content\/uploads\/2025\/05\/kick-off-1.png\" alt=\"Kickoff 1\">\n    <img decoding=\"async\" src=\"https:\/\/inthrace.unitbv.ro\/wp-content\/uploads\/2025\/05\/Kick-off-2_.png\" alt=\"Kickoff 2\">\n    <img decoding=\"async\" src=\"https:\/\/inthrace.unitbv.ro\/wp-content\/uploads\/2025\/05\/kickoff3.png\" alt=\"Kickoff 3\">\n  <\/div>\n<\/div>\n\n<div class=\"event-section\">\n  <h3>\ud83e\udd1d Pierwsze mi\u0119dzynarodowe spotkanie partner\u00f3w<\/h3>\n  <p>Zagrzeb, Chorwacja | 13\u201314 maja 2024<\/p>\n  <div class=\"event-gallery\">\n    <img decoding=\"async\" src=\"https:\/\/inthrace.unitbv.ro\/wp-content\/uploads\/2025\/05\/zagreb2.png\" alt=\"Zagrzeb 1\">\n    <img decoding=\"async\" src=\"https:\/\/inthrace.unitbv.ro\/wp-content\/uploads\/2025\/05\/zagreb3.png\" alt=\"Zagrzeb 2\">\n    <img decoding=\"async\" src=\"https:\/\/inthrace.unitbv.ro\/wp-content\/uploads\/2025\/05\/Zagreb1.png\" alt=\"Zagrzeb 3\">\n  <\/div>\n<\/div>\n\n<div class=\"event-section\">\n  <h3>\ud83e\udd1d Drugie mi\u0119dzynarodowe spotkanie partner\u00f3w<\/h3>\n  <p>Sofia, Bu\u0142garia | 3\u20134 wrze\u015bnia 2024<\/p>\n  <div class=\"event-gallery\">\n    <img decoding=\"async\" src=\"https:\/\/inthrace.unitbv.ro\/wp-content\/uploads\/2025\/05\/sofia1.png\" alt=\"Sofia 1\">\n  <\/div>\n<\/div>\n\n<div class=\"event-section\">\n  <h3>\ud83c\udfa4 Prezentacja projektu na konferencji ICSIMAT 2024<\/h3>\n  <p>Brasz\u00f3w, Rumunia | 24\u201330 pa\u017adziernika 2024<\/p>\n  <div class=\"event-gallery\">\n    <img decoding=\"async\" src=\"https:\/\/inthrace.unitbv.ro\/wp-content\/uploads\/2025\/05\/icsimat1.png\" alt=\"ICSIMAT 1\">\n    <img decoding=\"async\" src=\"https:\/\/inthrace.unitbv.ro\/wp-content\/uploads\/2025\/05\/icsimat4.png\" alt=\"ICSIMAT 2\">\n    <img decoding=\"async\" src=\"https:\/\/inthrace.unitbv.ro\/wp-content\/uploads\/2025\/05\/icsimat2.png\" alt=\"ICSIMAT 3\">\n    <img decoding=\"async\" src=\"https:\/\/inthrace.unitbv.ro\/wp-content\/uploads\/2025\/05\/icsimat-3.png\" alt=\"ICSIMAT 4\">\n  <\/div>\n<\/div>\n\n<div class=\"event-section\">\n  <h3>\ud83d\udcda Prezentacja projektu na mi\u0119dzynarodowym kolokwium ACUM 2024<\/h3>\n  <p>Brass\u00f3, Rumunia | 25\u201326 listopada 2024<\/p>\n  <div class=\"event-gallery\">\n    <img decoding=\"async\" src=\"https:\/\/inthrace.unitbv.ro\/wp-content\/uploads\/2025\/05\/acum1.png\" alt=\"ACUM 1\">\n    <img decoding=\"async\" src=\"https:\/\/inthrace.unitbv.ro\/wp-content\/uploads\/2025\/05\/acum2.png\" alt=\"ACUM 2\">\n    <img decoding=\"async\" src=\"https:\/\/inthrace.unitbv.ro\/wp-content\/uploads\/2025\/05\/acum3.png\" alt=\"ACUM 3\">\n  <\/div>\n<\/div>\n\n<div class=\"event-section\">\n  <h3>\ud83e\udd1d Trzecie mi\u0119dzynarodowe spotkanie partner\u00f3w<\/h3>\n  <p>Ponta Delgada, Azory, Portugalia | 3\u20134 marca 2025<\/p>\n  <div class=\"event-gallery\">\n    <img decoding=\"async\" src=\"https:\/\/inthrace.unitbv.ro\/wp-content\/uploads\/2025\/05\/azores1.png\" alt=\"Azory 1\">\n    <img decoding=\"async\" src=\"https:\/\/inthrace.unitbv.ro\/wp-content\/uploads\/2025\/05\/azores4.png\" alt=\"Azory 2\">\n    <img decoding=\"async\" src=\"https:\/\/inthrace.unitbv.ro\/wp-content\/uploads\/2025\/05\/azores3.png\" alt=\"Azory 3\">\n  <\/div>\n<\/div>\n\n<div class=\"event-section\">\n  <h3>\ud83e\udd1d Czwarte transnarodowe spotkanie partner\u00f3w<\/h3>\n  <p>Ateny, Grecja | 19\u201321 grudnia 2025<\/p>\n  <div class=\"event-gallery\">\n    <img decoding=\"async\" src=\"https:\/\/inthrace.unitbv.ro\/wp-content\/uploads\/2026\/01\/athens1.jpg\" alt=\"ateny1\">\n    <img decoding=\"async\" src=\"https:\/\/inthrace.unitbv.ro\/wp-content\/uploads\/2026\/01\/athens2.jpg\" alt=\"ateny2\">\n    <img decoding=\"async\" src=\"https:\/\/inthrace.unitbv.ro\/wp-content\/uploads\/2026\/01\/athens3.jpg\" alt=\"ateny3\">\n  <\/div>\n<\/div>\t\t\t\t<\/div>\n\t\t\t\t<\/div>\n\t\t\t\t\t<\/div>\n\t\t\t\t<\/div>\n\t\t\t\t<\/div>\n\t\t","protected":false},"excerpt":{"rendered":"<p>\ud83d\udccc Spotkanie otwieraj\u0105ce (Kick-off) Online | 7 lutego 2024 \ud83e\udd1d Pierwsze mi\u0119dzynarodowe spotkanie partner\u00f3w Zagrzeb, Chorwacja | 13\u201314 maja 2024 \ud83e\udd1d Drugie mi\u0119dzynarodowe spotkanie partner\u00f3w Sofia, Bu\u0142garia | 3\u20134 wrze\u015bnia 2024 \ud83c\udfa4 Prezentacja projektu na konferencji ICSIMAT 2024 Brasz\u00f3w, Rumunia | 24\u201330 pa\u017adziernika 2024 \ud83d\udcda Prezentacja projektu na mi\u0119dzynarodowym kolokwium ACUM 2024 Brass\u00f3, Rumunia | 25\u201326 listopada 2024 \ud83e\udd1d Trzecie mi\u0119dzynarodowe spotkanie partner\u00f3w Ponta Delgada, Azory, Portugalia | 3\u20134 marca 2025 \ud83e\udd1d Czwarte transnarodowe spotkanie partner\u00f3w Ateny, Grecja | 19\u201321 grudnia 2025<\/p>\n","protected":false},"author":1,"featured_media":0,"parent":0,"menu_order":0,"comment_status":"closed","ping_status":"closed","template":"","meta":{"footnotes":""},"folder":[],"class_list":["post-1281","page","type-page","status-publish","hentry"],"_links":{"self":[{"href":"https:\/\/inthrace.unitbv.ro\/index.php\/wp-json\/wp\/v2\/pages\/1281","targetHints":{"allow":["GET"]}}],"collection":[{"href":"https:\/\/inthrace.unitbv.ro\/index.php\/wp-json\/wp\/v2\/pages"}],"about":[{"href":"https:\/\/inthrace.unitbv.ro\/index.php\/wp-json\/wp\/v2\/types\/page"}],"author":[{"embeddable":true,"href":"https:\/\/inthrace.unitbv.ro\/index.php\/wp-json\/wp\/v2\/users\/1"}],"replies":[{"embeddable":true,"href":"https:\/\/inthrace.unitbv.ro\/index.php\/wp-json\/wp\/v2\/comments?post=1281"}],"version-history":[{"count":10,"href":"https:\/\/inthrace.unitbv.ro\/index.php\/wp-json\/wp\/v2\/pages\/1281\/revisions"}],"predecessor-version":[{"id":2296,"href":"https:\/\/inthrace.unitbv.ro\/index.php\/wp-json\/wp\/v2\/pages\/1281\/revisions\/2296"}],"wp:attachment":[{"href":"https:\/\/inthrace.unitbv.ro\/index.php\/wp-json\/wp\/v2\/media?parent=1281"}],"wp:term":[{"taxonomy":"folder","embeddable":true,"href":"https:\/\/inthrace.unitbv.ro\/index.php\/wp-json\/wp\/v2\/folder?post=1281"}],"curies":[{"name":"wp","href":"https:\/\/api.w.org\/{rel}","templated":true}]}}