{"id":1129,"date":"2025-05-20T17:30:46","date_gmt":"2025-05-20T17:30:46","guid":{"rendered":"https:\/\/inthrace.unitbv.ro\/?page_id=1129"},"modified":"2025-06-03T10:39:18","modified_gmt":"2025-06-03T07:39:18","slug":"rezultati-i-obrazovni-paket","status":"publish","type":"page","link":"https:\/\/inthrace.unitbv.ro\/index.php\/hr\/rezultati-i-obrazovni-paket\/","title":{"rendered":"OUTPUTS &#038; TRAINING PACK HR"},"content":{"rendered":"\t\t<div data-elementor-type=\"wp-page\" data-elementor-id=\"1129\" class=\"elementor elementor-1129\" data-elementor-settings=\"{&quot;element_pack_global_tooltip_width&quot;:{&quot;unit&quot;:&quot;px&quot;,&quot;size&quot;:&quot;&quot;,&quot;sizes&quot;:[]},&quot;element_pack_global_tooltip_width_widescreen&quot;:{&quot;unit&quot;:&quot;px&quot;,&quot;size&quot;:&quot;&quot;,&quot;sizes&quot;:[]},&quot;element_pack_global_tooltip_width_laptop&quot;:{&quot;unit&quot;:&quot;px&quot;,&quot;size&quot;:&quot;&quot;,&quot;sizes&quot;:[]},&quot;element_pack_global_tooltip_width_tablet&quot;:{&quot;unit&quot;:&quot;px&quot;,&quot;size&quot;:&quot;&quot;,&quot;sizes&quot;:[]},&quot;element_pack_global_tooltip_width_mobile&quot;:{&quot;unit&quot;:&quot;px&quot;,&quot;size&quot;:&quot;&quot;,&quot;sizes&quot;:[]},&quot;element_pack_global_tooltip_padding&quot;:{&quot;unit&quot;:&quot;px&quot;,&quot;top&quot;:&quot;&quot;,&quot;right&quot;:&quot;&quot;,&quot;bottom&quot;:&quot;&quot;,&quot;left&quot;:&quot;&quot;,&quot;isLinked&quot;:true},&quot;element_pack_global_tooltip_padding_widescreen&quot;:{&quot;unit&quot;:&quot;px&quot;,&quot;top&quot;:&quot;&quot;,&quot;right&quot;:&quot;&quot;,&quot;bottom&quot;:&quot;&quot;,&quot;left&quot;:&quot;&quot;,&quot;isLinked&quot;:true},&quot;element_pack_global_tooltip_padding_laptop&quot;:{&quot;unit&quot;:&quot;px&quot;,&quot;top&quot;:&quot;&quot;,&quot;right&quot;:&quot;&quot;,&quot;bottom&quot;:&quot;&quot;,&quot;left&quot;:&quot;&quot;,&quot;isLinked&quot;:true},&quot;element_pack_global_tooltip_padding_tablet&quot;:{&quot;unit&quot;:&quot;px&quot;,&quot;top&quot;:&quot;&quot;,&quot;right&quot;:&quot;&quot;,&quot;bottom&quot;:&quot;&quot;,&quot;left&quot;:&quot;&quot;,&quot;isLinked&quot;:true},&quot;element_pack_global_tooltip_padding_mobile&quot;:{&quot;unit&quot;:&quot;px&quot;,&quot;top&quot;:&quot;&quot;,&quot;right&quot;:&quot;&quot;,&quot;bottom&quot;:&quot;&quot;,&quot;left&quot;:&quot;&quot;,&quot;isLinked&quot;:true},&quot;element_pack_global_tooltip_border_radius&quot;:{&quot;unit&quot;:&quot;px&quot;,&quot;top&quot;:&quot;&quot;,&quot;right&quot;:&quot;&quot;,&quot;bottom&quot;:&quot;&quot;,&quot;left&quot;:&quot;&quot;,&quot;isLinked&quot;:true},&quot;element_pack_global_tooltip_border_radius_widescreen&quot;:{&quot;unit&quot;:&quot;px&quot;,&quot;top&quot;:&quot;&quot;,&quot;right&quot;:&quot;&quot;,&quot;bottom&quot;:&quot;&quot;,&quot;left&quot;:&quot;&quot;,&quot;isLinked&quot;:true},&quot;element_pack_global_tooltip_border_radius_laptop&quot;:{&quot;unit&quot;:&quot;px&quot;,&quot;top&quot;:&quot;&quot;,&quot;right&quot;:&quot;&quot;,&quot;bottom&quot;:&quot;&quot;,&quot;left&quot;:&quot;&quot;,&quot;isLinked&quot;:true},&quot;element_pack_global_tooltip_border_radius_tablet&quot;:{&quot;unit&quot;:&quot;px&quot;,&quot;top&quot;:&quot;&quot;,&quot;right&quot;:&quot;&quot;,&quot;bottom&quot;:&quot;&quot;,&quot;left&quot;:&quot;&quot;,&quot;isLinked&quot;:true},&quot;element_pack_global_tooltip_border_radius_mobile&quot;:{&quot;unit&quot;:&quot;px&quot;,&quot;top&quot;:&quot;&quot;,&quot;right&quot;:&quot;&quot;,&quot;bottom&quot;:&quot;&quot;,&quot;left&quot;:&quot;&quot;,&quot;isLinked&quot;:true}}\" data-elementor-post-type=\"page\">\n\t\t\t\t<div class=\"elementor-element elementor-element-b8d6991 e-flex e-con-boxed e-con e-parent\" data-id=\"b8d6991\" data-element_type=\"container\" data-e-type=\"container\">\n\t\t\t\t\t<div class=\"e-con-inner\">\n\t\t\t\t<div class=\"elementor-element elementor-element-267f098 elementor-widget elementor-widget-html\" data-id=\"267f098\" data-element_type=\"widget\" data-e-type=\"widget\" data-widget_type=\"html.default\">\n\t\t\t\t<div class=\"elementor-widget-container\">\n\t\t\t\t\t<style>\n  .blur-container {\n    background: rgba(255, 255, 255, 0.65);\n    backdrop-filter: blur(12px);\n    -webkit-backdrop-filter: blur(12px);\n    padding: 30px;\n    margin-bottom: 30px;\n    border-radius: 16px;\n    box-shadow: 0 4px 20px rgba(0, 0, 0, 0.05);\n    max-width: 850px;\n    margin-left: auto;\n    margin-right: auto;\n  }\n\n  .blur-container h2, .blur-container h3, .blur-container h4 {\n    color: #003366;\n    margin-top: 0;\n  }\n\n  .blur-container a.button-download {\n    display: inline-block;\n    margin-top: 15px;\n    padding: 10px 24px;\n    background-color: #003366;\n    color: white;\n    border-radius: 8px;\n    text-decoration: none;\n    font-weight: bold;\n  }\n\n  .blur-container a.button-download:hover {\n    background-color: #0055aa;\n  }\n<\/style>\n<!-- 1. Naslov i Uvod -->\n<div class=\"blur-container\">\n  <h2>\ud83c\udf93 Rezultati i Obrazovni Paket<\/h2>\n  <p>Ovaj odjeljak predstavlja glavne rezultate projekta InThrace, osmi\u0161ljene za podr\u0161ku akademskom osoblju u integraciji nematerijalne kulturne ba\u0161tine u obrazovanje, urbani razvoj i gra\u0111anski anga\u017eman. Svi resursi doprinose ja\u010danju europskog kulturnog identiteta kroz obrazovanje.<\/p>\n  <p>Za postizanje ciljeva i isporuku o\u010dekivanih rezultata, partneri projekta InThrace implementirat \u0107e aktivnosti u pet faza, kako je prikazano na <strong>Slika 1<\/strong>:<\/p>\n  <ul>\n    <li><strong>Faza 1:<\/strong> Izrada metodolo\u0161kog okvira, strategije diseminacije i plana osiguranja kvalitete.<\/li>\n    <li><strong>Faza 2:<\/strong> Razvoj obrazovnog paketa i izrada mre\u017ene stranice.<\/li>\n    <li><strong>Faza 3:<\/strong> Pokretanje digitalne platforme i izrada vodi\u010da za trenere.<\/li>\n    <li><strong>Faza 4:<\/strong> Pilotiranje i testiranje rezultata projekta.<\/li>\n    <li><strong>Faza 5:<\/strong> Zavr\u0161ne prilagodbe i \u0161iroka digitalna promotivna kampanja.<\/li>\n  <\/ul>\n  <p>Ovakav strukturirani pristup osigurava dosljednu i kvalitetnu provedbu projekta InThrace, uskla\u0111enu s misijom integracije kulturne ba\u0161tine u visoko obrazovanje.<\/p>\n  <img decoding=\"async\" src=\"https:\/\/inthrace.unitbv.ro\/wp-content\/uploads\/2025\/05\/Implementation-stages.png\" alt=\"Faze implementacije\" style=\"max-width: 100%; height: auto; margin-top: 15px; border-radius: 10px;\">\n<\/div>\n\n<!-- 2. Metodolo\u0161ki Okvir -->\n<div class=\"blur-container\">\n  <h3>\ud83d\udcd8 Metodolo\u0161ki Okvir<\/h3>\n  <p>Metodolo\u0161ki okvir definira viziju i pristup projekta InThrace. Uklju\u010duje analizu potreba i akademske uvide koji su doveli do razvoja rezultata.<\/p>\n  <p>Dokument slu\u017ei kao osnova za razvoj obrazovnih alata (priru\u010dnik, vodi\u010d, model) i uskla\u0111en je s nacionalnim praksama i europskim obrazovnim ciljevima.<\/p>\n  <p>Puna verzija dokumenta dostupna je na engleskom jeziku, dok je sa\u017eetak dostupan na hrvatskom jeziku.<\/p>\n  <a href=\"https:\/\/inthrace.unitbv.ro\/wp-content\/uploads\/2025\/05\/Methodological-Frame-InThrace.pdf\" class=\"button-download\">\ud83d\udce5 Preuzmi metodolo\u0161ki okvir<\/a><br>\n  <a href=\"https:\/\/inthrace.unitbv.ro\/wp-content\/uploads\/2025\/05\/Summary_Framework_CRO.pdf\" class=\"button-download\">\ud83d\udcc4 Pogledaj sa\u017eetak<\/a>\n<\/div>\n\n<!-- 3. Priru\u010dnik -->\n<div class=\"blur-container\">\n  <h3>\ud83d\udcd6 Priru\u010dnik za Integraciju Nematerijalne Kulturne Ba\u0161tine<\/h3>\n  <p>Ovaj priru\u010dnik pru\u017ea prakti\u010dne smjernice za integraciju nematerijalne kulturne ba\u0161tine u gradsko okru\u017eenje i svakodnevni \u017eivot lokalnih zajednica. Nagla\u0161ava strategije za kulturni i turisti\u010dki razvoj te doprinosi odr\u017eivom rastu i gra\u0111anskom anga\u017emanu.<\/p>\n  <p>Istra\u017euje povezanost izme\u0111u ruralne i urbane kulturne ba\u0161tine te nudi primjenjive modele za edukatore, planere i kulturne menad\u017eere.<\/p>\n  <p><em>\ud83d\udccc Priru\u010dnik \u0107e uskoro biti dostupan.<\/em><\/p>\n<\/div>\n\n<!-- 4. Terenski Priru\u010dnik -->\n<div class=\"blur-container\">\n  <h3>\ud83d\udcd7 Terenski Priru\u010dnik o Nematerijalnoj Kulturnoj Ba\u0161tini<\/h3>\n  <p>Ovaj dokument nadopunjuje teorijski sadr\u017eaj kroz studije slu\u010daja, multimedijalne materijale i intervjue s ekspertima. Prikazuje uspje\u0161ne primjere integracije ba\u0161tine u urbane i obrazovne sredine.<\/p>\n  <p><em>\ud83d\udccc Terenski priru\u010dnik uskoro \u0107e biti dostupan.<\/em><\/p>\n<\/div>\n\n<!-- 5. Model -->\n<div class=\"blur-container\">\n  <h3>\ud83e\udde9 Model Interpretacije, Integracije i Upravljanja<\/h3>\n  <p>Model nudi strate\u0161ke i prakti\u010dne smjernice za integraciju nematerijalne ba\u0161tine u obrazovanje i dru\u0161tvo. Obuhva\u0107a:<\/p>\n  <ul>\n    <li>Povezivanje ba\u0161tine s lokalnim identitetom i doga\u0111anjima<\/li>\n    <li>Participativne metode anga\u017emana zajednice<\/li>\n    <li>Primjenu digitalnih alata<\/li>\n    <li>Odr\u017eiv kulturni razvoj i dru\u0161tvenu koheziju<\/li>\n  <\/ul>\n  <img decoding=\"async\" src=\"https:\/\/inthrace.unitbv.ro\/wp-content\/uploads\/2025\/05\/Model.png\" alt=\"Model InThrace\" style=\"max-width: 100%; height: auto; margin-top: 15px; border-radius: 10px;\">\n  <p><em>\ud83d\udccc Model \u0107e uskoro biti dostupan.<\/em><\/p>\n<\/div>\n\n<!-- 6. Vodi\u010d za Trenere -->\n<div class=\"blur-container\">\n  <h3>\ud83d\udcd9 Vodi\u010d za Trenere<\/h3>\n  <p>Ovaj vodi\u010d je namijenjen sveu\u010dili\u0161nim edukatorima koji \u0107e provoditi InThrace obuke. Uklju\u010duje metode pou\u010davanja, politike EU i alate za u\u010dinkovitu integraciju kulturne ba\u0161tine u kurikulum.<\/p>\n  <p><em>\ud83d\udccc Vodi\u010d za trenere uskoro \u0107e biti dostupan.<\/em><\/p>\n<\/div>\n\n<!-- 7. Digitalni Alati i E-platforma -->\n<div class=\"blur-container\">\n  <h3>\ud83d\udd1c Digitalni Alati i E-learning Platforma<\/h3>\n  <p>Svi edukativni materijali bit \u0107e dostupni putem InThrace e-learning platforme, koja \u0107e sadr\u017eavati:<\/p>\n  <ul>\n    <li>Interaktivne online te\u010dajeve<\/li>\n    <li>Digitalnu knji\u017enicu s \u010dlancima, video zapisima i studijama<\/li>\n  \n  <\/ul>\n  <p><strong>\ud83c\udfaf Uskoro dostupno \u2013 pratite nas!<\/strong><\/p>\n<\/div>\n\n \n\t\t\t\t<\/div>\n\t\t\t\t<\/div>\n\t\t\t\t\t<\/div>\n\t\t\t\t<\/div>\n\t\t\t\t<\/div>\n\t\t","protected":false},"excerpt":{"rendered":"<p>\ud83c\udf93 Rezultati i Obrazovni Paket Ovaj odjeljak predstavlja glavne rezultate projekta InThrace, osmi\u0161ljene za podr\u0161ku akademskom osoblju u integraciji nematerijalne kulturne ba\u0161tine u obrazovanje, urbani razvoj i gra\u0111anski anga\u017eman. Svi resursi doprinose ja\u010danju europskog kulturnog identiteta kroz obrazovanje. Za postizanje ciljeva i isporuku o\u010dekivanih rezultata, partneri projekta InThrace implementirat \u0107e aktivnosti u pet faza, kako je prikazano na Slika 1: Faza 1: Izrada metodolo\u0161kog okvira, strategije diseminacije i plana osiguranja kvalitete. Faza 2: Razvoj obrazovnog paketa i izrada mre\u017ene stranice. Faza 3: Pokretanje digitalne platforme i izrada vodi\u010da za trenere. Faza 4: Pilotiranje i testiranje rezultata projekta. Faza 5: Zavr\u0161ne prilagodbe i \u0161iroka digitalna promotivna kampanja. Ovakav strukturirani pristup osigurava dosljednu i kvalitetnu provedbu projekta InThrace, uskla\u0111enu s misijom integracije kulturne ba\u0161tine u visoko obrazovanje. \ud83d\udcd8 Metodolo\u0161ki Okvir Metodolo\u0161ki okvir definira viziju i pristup projekta InThrace. Uklju\u010duje analizu potreba i akademske uvide koji su doveli do razvoja rezultata. Dokument slu\u017ei kao osnova za razvoj obrazovnih alata (priru\u010dnik, vodi\u010d, model) i uskla\u0111en je s nacionalnim praksama i europskim obrazovnim ciljevima. Puna verzija dokumenta dostupna je na engleskom jeziku, dok je sa\u017eetak dostupan na hrvatskom jeziku. \ud83d\udce5 Preuzmi metodolo\u0161ki okvir \ud83d\udcc4 Pogledaj sa\u017eetak \ud83d\udcd6 Priru\u010dnik za Integraciju Nematerijalne Kulturne Ba\u0161tine Ovaj priru\u010dnik [&hellip;]<\/p>\n","protected":false},"author":1,"featured_media":0,"parent":0,"menu_order":0,"comment_status":"closed","ping_status":"closed","template":"page-blank.php","meta":{"footnotes":""},"folder":[],"class_list":["post-1129","page","type-page","status-publish","hentry"],"_links":{"self":[{"href":"https:\/\/inthrace.unitbv.ro\/index.php\/wp-json\/wp\/v2\/pages\/1129","targetHints":{"allow":["GET"]}}],"collection":[{"href":"https:\/\/inthrace.unitbv.ro\/index.php\/wp-json\/wp\/v2\/pages"}],"about":[{"href":"https:\/\/inthrace.unitbv.ro\/index.php\/wp-json\/wp\/v2\/types\/page"}],"author":[{"embeddable":true,"href":"https:\/\/inthrace.unitbv.ro\/index.php\/wp-json\/wp\/v2\/users\/1"}],"replies":[{"embeddable":true,"href":"https:\/\/inthrace.unitbv.ro\/index.php\/wp-json\/wp\/v2\/comments?post=1129"}],"version-history":[{"count":10,"href":"https:\/\/inthrace.unitbv.ro\/index.php\/wp-json\/wp\/v2\/pages\/1129\/revisions"}],"predecessor-version":[{"id":1780,"href":"https:\/\/inthrace.unitbv.ro\/index.php\/wp-json\/wp\/v2\/pages\/1129\/revisions\/1780"}],"wp:attachment":[{"href":"https:\/\/inthrace.unitbv.ro\/index.php\/wp-json\/wp\/v2\/media?parent=1129"}],"wp:term":[{"taxonomy":"folder","embeddable":true,"href":"https:\/\/inthrace.unitbv.ro\/index.php\/wp-json\/wp\/v2\/folder?post=1129"}],"curies":[{"name":"wp","href":"https:\/\/api.w.org\/{rel}","templated":true}]}}