{"id":1102,"date":"2025-05-20T16:30:39","date_gmt":"2025-05-20T16:30:39","guid":{"rendered":"https:\/\/inthrace.unitbv.ro\/?page_id=1102"},"modified":"2025-06-03T10:37:45","modified_gmt":"2025-06-03T07:37:45","slug":"elementor-1102","status":"publish","type":"page","link":"https:\/\/inthrace.unitbv.ro\/index.php\/ro\/elementor-1102\/","title":{"rendered":"OUTPUTS &#038; TRAINING PACK RO"},"content":{"rendered":"\t\t<div data-elementor-type=\"wp-page\" data-elementor-id=\"1102\" class=\"elementor elementor-1102\" data-elementor-settings=\"{&quot;element_pack_global_tooltip_width&quot;:{&quot;unit&quot;:&quot;px&quot;,&quot;size&quot;:&quot;&quot;,&quot;sizes&quot;:[]},&quot;element_pack_global_tooltip_width_widescreen&quot;:{&quot;unit&quot;:&quot;px&quot;,&quot;size&quot;:&quot;&quot;,&quot;sizes&quot;:[]},&quot;element_pack_global_tooltip_width_laptop&quot;:{&quot;unit&quot;:&quot;px&quot;,&quot;size&quot;:&quot;&quot;,&quot;sizes&quot;:[]},&quot;element_pack_global_tooltip_width_tablet&quot;:{&quot;unit&quot;:&quot;px&quot;,&quot;size&quot;:&quot;&quot;,&quot;sizes&quot;:[]},&quot;element_pack_global_tooltip_width_mobile&quot;:{&quot;unit&quot;:&quot;px&quot;,&quot;size&quot;:&quot;&quot;,&quot;sizes&quot;:[]},&quot;element_pack_global_tooltip_padding&quot;:{&quot;unit&quot;:&quot;px&quot;,&quot;top&quot;:&quot;&quot;,&quot;right&quot;:&quot;&quot;,&quot;bottom&quot;:&quot;&quot;,&quot;left&quot;:&quot;&quot;,&quot;isLinked&quot;:true},&quot;element_pack_global_tooltip_padding_widescreen&quot;:{&quot;unit&quot;:&quot;px&quot;,&quot;top&quot;:&quot;&quot;,&quot;right&quot;:&quot;&quot;,&quot;bottom&quot;:&quot;&quot;,&quot;left&quot;:&quot;&quot;,&quot;isLinked&quot;:true},&quot;element_pack_global_tooltip_padding_laptop&quot;:{&quot;unit&quot;:&quot;px&quot;,&quot;top&quot;:&quot;&quot;,&quot;right&quot;:&quot;&quot;,&quot;bottom&quot;:&quot;&quot;,&quot;left&quot;:&quot;&quot;,&quot;isLinked&quot;:true},&quot;element_pack_global_tooltip_padding_tablet&quot;:{&quot;unit&quot;:&quot;px&quot;,&quot;top&quot;:&quot;&quot;,&quot;right&quot;:&quot;&quot;,&quot;bottom&quot;:&quot;&quot;,&quot;left&quot;:&quot;&quot;,&quot;isLinked&quot;:true},&quot;element_pack_global_tooltip_padding_mobile&quot;:{&quot;unit&quot;:&quot;px&quot;,&quot;top&quot;:&quot;&quot;,&quot;right&quot;:&quot;&quot;,&quot;bottom&quot;:&quot;&quot;,&quot;left&quot;:&quot;&quot;,&quot;isLinked&quot;:true},&quot;element_pack_global_tooltip_border_radius&quot;:{&quot;unit&quot;:&quot;px&quot;,&quot;top&quot;:&quot;&quot;,&quot;right&quot;:&quot;&quot;,&quot;bottom&quot;:&quot;&quot;,&quot;left&quot;:&quot;&quot;,&quot;isLinked&quot;:true},&quot;element_pack_global_tooltip_border_radius_widescreen&quot;:{&quot;unit&quot;:&quot;px&quot;,&quot;top&quot;:&quot;&quot;,&quot;right&quot;:&quot;&quot;,&quot;bottom&quot;:&quot;&quot;,&quot;left&quot;:&quot;&quot;,&quot;isLinked&quot;:true},&quot;element_pack_global_tooltip_border_radius_laptop&quot;:{&quot;unit&quot;:&quot;px&quot;,&quot;top&quot;:&quot;&quot;,&quot;right&quot;:&quot;&quot;,&quot;bottom&quot;:&quot;&quot;,&quot;left&quot;:&quot;&quot;,&quot;isLinked&quot;:true},&quot;element_pack_global_tooltip_border_radius_tablet&quot;:{&quot;unit&quot;:&quot;px&quot;,&quot;top&quot;:&quot;&quot;,&quot;right&quot;:&quot;&quot;,&quot;bottom&quot;:&quot;&quot;,&quot;left&quot;:&quot;&quot;,&quot;isLinked&quot;:true},&quot;element_pack_global_tooltip_border_radius_mobile&quot;:{&quot;unit&quot;:&quot;px&quot;,&quot;top&quot;:&quot;&quot;,&quot;right&quot;:&quot;&quot;,&quot;bottom&quot;:&quot;&quot;,&quot;left&quot;:&quot;&quot;,&quot;isLinked&quot;:true}}\" data-elementor-post-type=\"page\">\n\t\t\t\t<div class=\"elementor-element elementor-element-b8d6991 e-flex e-con-boxed e-con e-parent\" data-id=\"b8d6991\" data-element_type=\"container\" data-e-type=\"container\">\n\t\t\t\t\t<div class=\"e-con-inner\">\n\t\t\t\t<div class=\"elementor-element elementor-element-267f098 elementor-widget elementor-widget-html\" data-id=\"267f098\" data-element_type=\"widget\" data-e-type=\"widget\" data-widget_type=\"html.default\">\n\t\t\t\t<div class=\"elementor-widget-container\">\n\t\t\t\t\t<style>\n  .blur-container {\n    background: rgba(255, 255, 255, 0.65);\n    backdrop-filter: blur(12px);\n    -webkit-backdrop-filter: blur(12px);\n    padding: 30px;\n    margin-bottom: 30px;\n    border-radius: 16px;\n    box-shadow: 0 4px 20px rgba(0, 0, 0, 0.05);\n    max-width: 850px;\n    margin-left: auto;\n    margin-right: auto;\n  }\n\n  .blur-container h2, .blur-container h3, .blur-container h4 {\n    color: #003366;\n    margin-top: 0;\n  }\n\n  .blur-container a.button-download {\n    display: inline-block;\n    margin-top: 15px;\n    padding: 10px 24px;\n    background-color: #003366;\n    color: white;\n    border-radius: 8px;\n    text-decoration: none;\n    font-weight: bold;\n  }\n\n  .blur-container a.button-download:hover {\n    background-color: #0055aa;\n  }\n<\/style>\n\n<!-- 1. Titlu & Introducere -->\n<div class=\"blur-container\">\n  <h2>\ud83c\udf93 Rezultate proiectului & Pachetul de instruire<\/h2>\n\n  <p>Aceast\u0103 sec\u021biune prezint\u0103 principalele rezultate ale proiectului InThrace, concepute pentru a sprijini cadrele didactice universitare \u00een integrarea patrimoniului cultural intangibil \u00een educa\u021bie, dezvoltare urban\u0103 \u0219i implicare civic\u0103. Toate resursele contribuie la consolidarea identit\u0103\u021bii europene prin educa\u021bie cultural\u0103.<\/p>\n\n  <p>Pentru atingerea obiectivelor \u0219i ob\u021binerea rezultatelor, partenerii InThrace vor implementa proiectul \u00een cinci etape structurate, prezentate \u00een <strong>Figura 1<\/strong>. Fiecare etap\u0103 se bazeaz\u0103 pe cea anterioar\u0103, asigur\u00e2nd o dezvoltare coerent\u0103 \u0219i eficient\u0103:<\/p>\n  <ul>\n    <li><strong>Etapa 1:<\/strong> Elaborarea cadrului metodologic, a strategiei de diseminare \u0219i a planului de asigurare a calit\u0103\u021bii \u2013 documente esen\u021biale pentru \u00eentreaga activitate.<\/li>\n    <li><strong>Etapa 2:<\/strong> Crearea pachetului de instruire \u0219i dezvoltarea platformei pentru resursele educa\u021bionale.<\/li>\n    <li><strong>Etapa 3:<\/strong> Lansarea platformei digitale, \u00eenc\u0103rcarea materialelor \u0219i realizarea Ghidului pentru Formatori.<\/li>\n    <li><strong>Etapa 4:<\/strong> Testarea \u0219i pilotarea rezultatelor \u00een medii academice.<\/li>\n    <li><strong>Etapa 5:<\/strong> Ajustarea final\u0103 a rezultatelor \u0219i lansarea unei campanii digitale de promovare la scar\u0103 larg\u0103.<\/li>\n  <\/ul>\n  <p>Acest parcurs asigur\u0103 o implementare coerent\u0103, de calitate, aliniat\u0103 cu misiunea proiectului InThrace: integrarea patrimoniului cultural intangibil \u00een educa\u021bia universitar\u0103 european\u0103.<\/p>\n\n  <img decoding=\"async\" src=\"https:\/\/inthrace.unitbv.ro\/wp-content\/uploads\/2025\/05\/Implementation-stages.png\" alt=\"Etape Implementare\" style=\"max-width: 100%; height: auto; margin-top: 15px; border-radius: 10px;\">\n<\/div>\n\n<!-- 2. Cadrul metodologic -->\n<div class=\"blur-container\">\n  <h3>\ud83d\udcd8 Cadrul Metodologic<\/h3>\n  <p>Cadrul Metodologic fundamenteaz\u0103 viziunea \u0219i abordarea proiectului InThrace. Acesta define\u0219te contextul, analiza nevoilor \u0219i perspectivele academice care au ghidat realizarea tuturor rezultatelor.<\/p>\n  <p>Documentul ofer\u0103 repere pentru crearea instrumentelor de formare (manual, ghid, model) \u0219i aliniaz\u0103 aceste instrumente cu practicile educa\u021bionale na\u021bionale \u0219i obiectivele europene. Este un document de baz\u0103 pentru valorificarea patrimoniului prin educa\u021bie civic\u0103.<\/p>\n  <p>Varianta complet\u0103 a documentului este disponibil\u0103 \u00een limba englez\u0103, dar rezumatul este disponibil \u00een limba rom\u00e2n\u0103.<\/p>\n  <a href=\"https:\/\/inthrace.unitbv.ro\/wp-content\/uploads\/2025\/05\/Methodological-Frame-InThrace.pdf\" class=\"button-download\">\ud83d\udce5 Descarc\u0103 Cadrul Metodologic<\/a>\n  <br>\n  <a href=\"https:\/\/inthrace.unitbv.ro\/wp-content\/uploads\/2025\/05\/Final_Framework_summary_Ro-2.pdf\" class=\"button-download\">\ud83d\udcc4 Vizualizeaz\u0103 Rezumatul<\/a>\n<\/div>\n\n<!-- 3. Manual - Handbook -->\n<div class=\"blur-container\">\n  <h3>\ud83d\udcd6 Manualul (Handbook) pentru Integrarea Patrimoniului Cultural Intangibil<\/h3>\n  <p>Acest document ofer\u0103 ghidaj practic \u0219i teoretic pentru integrarea patrimoniului intangibil \u00een mediul urban \u0219i \u00een via\u021ba comunit\u0103\u021bilor. Acesta pune accent pe dezvoltarea turismului \u0219i a culturii durabile, valorific\u00e2nd tradi\u021biile locale \u00een educa\u021bie \u0219i politici publice.<\/p>\n  <p>Manualul exploreaz\u0103 conexiunile dintre patrimoniul imaterial \u0219i comunit\u0103\u021bile din mediul urban \u0219i sub-urban, propun\u00e2nd modele concrete pentru profesori, planificatori urbani \u0219i manageri culturali.<\/p>\n\n  <!-- Liste capitole -->\n  <div style=\"display: grid; grid-template-columns: repeat(auto-fit, minmax(260px, 1fr)); gap: 16px; margin-top: 25px;\">\n    <div style=\"background: rgba(255,255,255,0.5); backdrop-filter: blur(10px); padding: 16px; border-radius: 12px;\"><strong>Capitolul 1:<\/strong> Prezentare general\u0103 \u0219i \u00een\u021belegerea PCI<\/div>\n    <div style=\"background: rgba(255,255,255,0.5); backdrop-filter: blur(10px); padding: 16px; border-radius: 12px;\"><strong>Capitolul 2:<\/strong> Legisla\u021bie \u0219i reglement\u0103ri la nivel local, na\u021bional \u0219i UE<\/div>\n    <div style=\"background: rgba(255,255,255,0.5); backdrop-filter: blur(10px); padding: 16px; border-radius: 12px;\"><strong>Capitolul 3:<\/strong> Tipuri de PCI - Categorizare<\/div>\n    <div style=\"background: rgba(255,255,255,0.5); backdrop-filter: blur(10px); padding: 16px; border-radius: 12px;\"><strong>Capitolul 4:<\/strong> Valoarea turistic\u0103 a patrimoniului \u0219i impactul s\u0103u<\/div>\n    <div style=\"background: rgba(255,255,255,0.5); backdrop-filter: blur(10px); padding: 16px; border-radius: 12px;\"><strong>Capitolul 5:<\/strong> Conservarea \u0219i protejarea patrimoniului intangibil<\/div>\n    <div style=\"background: rgba(255,255,255,0.5); backdrop-filter: blur(10px); padding: 16px; border-radius: 12px;\"><strong>Capitolul 6:<\/strong> Turism durabil \u0219i implicarea comunit\u0103\u021bii<\/div>\n    <div style=\"background: rgba(255,255,255,0.5); backdrop-filter: blur(10px); padding: 16px; border-radius: 12px;\"><strong>Capitolul 7:<\/strong> Marketing \u0219i promovare PCI<\/div>\n    <div style=\"background: rgba(255,255,255,0.5); backdrop-filter: blur(10px); padding: 16px; border-radius: 12px;\"><strong>Capitolul 8:<\/strong> PCI \u0219i procesele de integrare european\u0103<\/div>\n    <div style=\"background: rgba(255,255,255,0.5); backdrop-filter: blur(10px); padding: 16px; border-radius: 12px;\"><strong>Capitolul 9:<\/strong> Provoc\u0103ri actuale \u00een gestionarea PCI<\/div>\n    <div style=\"background: rgba(255,255,255,0.5); backdrop-filter: blur(10px); padding: 16px; border-radius: 12px;\"><strong>Capitolul 10:<\/strong> Considera\u021bii etice privind PCI<\/div>\n    <div style=\"background: rgba(255,255,255,0.5); backdrop-filter: blur(10px); padding: 16px; border-radius: 12px;\"><strong>Capitolul 11:<\/strong> Finan\u021bare \u0219i mobilizarea resurselor<\/div>\n  <\/div>\n\n  <p><em>\ud83d\udccc Manualul (Handbook) va fi disponibil \u00een cur\u00e2nd.<\/em><\/p>\n<\/div>\n\n<!-- 4. Manual -->\n<div class=\"blur-container\">\n  <h3>\ud83d\udcd7 Manualul aplicativ despre Patrimoniul Cultural Intangibil<\/h3>\n  <p>Manualul completeaz\u0103 con\u021binutul teoretic (Handbook) prin studii de caz reale, resurse multimedia \u0219i interviuri cu exper\u021bi. El eviden\u021biaz\u0103 bune practici de integrare a patrimoniului intangibil \u00een ora\u0219e \u0219i \u00een mediul universitar din Europa.<\/p>\n  <p><em>\ud83d\udccc Manualul va fi disponibil \u00een cur\u00e2nd.<\/em><\/p>\n<\/div>\n\n<!-- 5. Model -->\n<div class=\"blur-container\">\n  <h3>\ud83e\udde9 Model pentru interpretare, integrare \u0219i management<\/h3>\n  <p>Modelul ofer\u0103 o abordare strategic\u0103 \u0219i practic\u0103 pentru universit\u0103\u021bi \u00een integrarea patrimoniului intangibil \u00een educa\u021bie \u0219i comunitate. Include metode participative \u0219i digitale, adaptabile mediului urban \u0219i rural.<\/p>\n  <ul>\n    <li>Integrarea patrimoniului \u00een identitatea local\u0103 \u0219i evenimente culturale<\/li>\n    <li>Implicarea comunit\u0103\u021bii prin metode participative<\/li>\n    <li>Utilizarea tehnologiei digitale \u00een educa\u021bie<\/li>\n    <li>Dezvoltare cultural\u0103 durabil\u0103 \u0219i coeziune social\u0103<\/li>\n  <\/ul>\n  <img decoding=\"async\" src=\"https:\/\/inthrace.unitbv.ro\/wp-content\/uploads\/2025\/05\/Model.png\" alt=\"Model InThrace\" style=\"max-width: 100%; height: auto; margin-top: 15px; border-radius: 10px;\">\n  <p><em>\ud83d\udccc Modelul va fi disponibil \u00een cur\u00e2nd.<\/em><\/p>\n<\/div>\n\n<!-- 6. Ghid Formatori -->\n<div class=\"blur-container\">\n  <h3>\ud83d\udcd9 Ghid pentru Formatori<\/h3>\n  <p>Acest ghid ofer\u0103 recomand\u0103ri pentru profesori universitari care vor livra formarea InThrace. Include metode pedagogice, politici europene relevante \u0219i instrumente pentru integrarea patrimoniului \u00een educa\u021bie.<\/p>\n  <p><em>\ud83d\udccc Ghidul va fi disponibil \u00een cur\u00e2nd.<\/em><\/p>\n<\/div>\n\n<!-- 7. Platform\u0103 digital\u0103 -->\n<div class=\"blur-container\">\n  <h3>\ud83d\udd1c Instrumente Digitale & Platform\u0103 E-learning<\/h3>\n  <p>Toate materialele vor fi disponibile pe platforma digital\u0103 InThrace, care va include:<\/p>\n  <ul>\n    <li>Cursuri online pentru cadre universitare<\/li>\n    <li>Bibliotec\u0103 digital\u0103 cu articole, video \u0219i studii de caz<\/li>\n  <\/ul>\n  <p><strong>\ud83c\udfaf Lansare \u00een cur\u00e2nd \u2013 r\u0103m\u00e2ne\u021bi conecta\u021bi!<\/strong><\/p>\t\t\t\t<\/div>\n\t\t\t\t<\/div>\n\t\t\t\t\t<\/div>\n\t\t\t\t<\/div>\n\t\t\t\t<\/div>\n\t\t","protected":false},"excerpt":{"rendered":"<p>\ud83c\udf93 Rezultate proiectului &#038; Pachetul de instruire Aceast\u0103 sec\u021biune prezint\u0103 principalele rezultate ale proiectului InThrace, concepute pentru a sprijini cadrele didactice universitare \u00een integrarea patrimoniului cultural intangibil \u00een educa\u021bie, dezvoltare urban\u0103 \u0219i implicare civic\u0103. Toate resursele contribuie la consolidarea identit\u0103\u021bii europene prin educa\u021bie cultural\u0103. Pentru atingerea obiectivelor \u0219i ob\u021binerea rezultatelor, partenerii InThrace vor implementa proiectul \u00een cinci etape structurate, prezentate \u00een Figura 1. Fiecare etap\u0103 se bazeaz\u0103 pe cea anterioar\u0103, asigur\u00e2nd o dezvoltare coerent\u0103 \u0219i eficient\u0103: Etapa 1: Elaborarea cadrului metodologic, a strategiei de diseminare \u0219i a planului de asigurare a calit\u0103\u021bii \u2013 documente esen\u021biale pentru \u00eentreaga activitate. Etapa 2: Crearea pachetului de instruire \u0219i dezvoltarea platformei pentru resursele educa\u021bionale. Etapa 3: Lansarea platformei digitale, \u00eenc\u0103rcarea materialelor \u0219i realizarea Ghidului pentru Formatori. Etapa 4: Testarea \u0219i pilotarea rezultatelor \u00een medii academice. Etapa 5: Ajustarea final\u0103 a rezultatelor \u0219i lansarea unei campanii digitale de promovare la scar\u0103 larg\u0103. Acest parcurs asigur\u0103 o implementare coerent\u0103, de calitate, aliniat\u0103 cu misiunea proiectului InThrace: integrarea patrimoniului cultural intangibil \u00een educa\u021bia universitar\u0103 european\u0103. \ud83d\udcd8 Cadrul Metodologic Cadrul Metodologic fundamenteaz\u0103 viziunea \u0219i abordarea proiectului InThrace. Acesta define\u0219te contextul, analiza nevoilor \u0219i perspectivele academice care au ghidat realizarea tuturor rezultatelor. Documentul ofer\u0103 repere pentru crearea instrumentelor de [&hellip;]<\/p>\n","protected":false},"author":1,"featured_media":0,"parent":0,"menu_order":0,"comment_status":"closed","ping_status":"closed","template":"page-blank.php","meta":{"footnotes":""},"folder":[],"class_list":["post-1102","page","type-page","status-publish","hentry"],"_links":{"self":[{"href":"https:\/\/inthrace.unitbv.ro\/index.php\/wp-json\/wp\/v2\/pages\/1102","targetHints":{"allow":["GET"]}}],"collection":[{"href":"https:\/\/inthrace.unitbv.ro\/index.php\/wp-json\/wp\/v2\/pages"}],"about":[{"href":"https:\/\/inthrace.unitbv.ro\/index.php\/wp-json\/wp\/v2\/types\/page"}],"author":[{"embeddable":true,"href":"https:\/\/inthrace.unitbv.ro\/index.php\/wp-json\/wp\/v2\/users\/1"}],"replies":[{"embeddable":true,"href":"https:\/\/inthrace.unitbv.ro\/index.php\/wp-json\/wp\/v2\/comments?post=1102"}],"version-history":[{"count":10,"href":"https:\/\/inthrace.unitbv.ro\/index.php\/wp-json\/wp\/v2\/pages\/1102\/revisions"}],"predecessor-version":[{"id":1771,"href":"https:\/\/inthrace.unitbv.ro\/index.php\/wp-json\/wp\/v2\/pages\/1102\/revisions\/1771"}],"wp:attachment":[{"href":"https:\/\/inthrace.unitbv.ro\/index.php\/wp-json\/wp\/v2\/media?parent=1102"}],"wp:term":[{"taxonomy":"folder","embeddable":true,"href":"https:\/\/inthrace.unitbv.ro\/index.php\/wp-json\/wp\/v2\/folder?post=1102"}],"curies":[{"name":"wp","href":"https:\/\/api.w.org\/{rel}","templated":true}]}}