{"id":1011,"date":"2025-05-13T23:36:16","date_gmt":"2025-05-13T23:36:16","guid":{"rendered":"https:\/\/inthrace.unitbv.ro\/?page_id=1011"},"modified":"2026-01-10T21:35:51","modified_gmt":"2026-01-10T19:35:51","slug":"__trashed","status":"publish","type":"page","link":"https:\/\/inthrace.unitbv.ro\/index.php\/ro\/__trashed\/","title":{"rendered":"Home Ro"},"content":{"rendered":"\t\t<div data-elementor-type=\"wp-page\" data-elementor-id=\"1011\" class=\"elementor elementor-1011\" data-elementor-settings=\"{&quot;element_pack_global_tooltip_width&quot;:{&quot;unit&quot;:&quot;px&quot;,&quot;size&quot;:&quot;&quot;,&quot;sizes&quot;:[]},&quot;element_pack_global_tooltip_width_widescreen&quot;:{&quot;unit&quot;:&quot;px&quot;,&quot;size&quot;:&quot;&quot;,&quot;sizes&quot;:[]},&quot;element_pack_global_tooltip_width_laptop&quot;:{&quot;unit&quot;:&quot;px&quot;,&quot;size&quot;:&quot;&quot;,&quot;sizes&quot;:[]},&quot;element_pack_global_tooltip_width_tablet&quot;:{&quot;unit&quot;:&quot;px&quot;,&quot;size&quot;:&quot;&quot;,&quot;sizes&quot;:[]},&quot;element_pack_global_tooltip_width_mobile&quot;:{&quot;unit&quot;:&quot;px&quot;,&quot;size&quot;:&quot;&quot;,&quot;sizes&quot;:[]},&quot;element_pack_global_tooltip_padding&quot;:{&quot;unit&quot;:&quot;px&quot;,&quot;top&quot;:&quot;&quot;,&quot;right&quot;:&quot;&quot;,&quot;bottom&quot;:&quot;&quot;,&quot;left&quot;:&quot;&quot;,&quot;isLinked&quot;:true},&quot;element_pack_global_tooltip_padding_widescreen&quot;:{&quot;unit&quot;:&quot;px&quot;,&quot;top&quot;:&quot;&quot;,&quot;right&quot;:&quot;&quot;,&quot;bottom&quot;:&quot;&quot;,&quot;left&quot;:&quot;&quot;,&quot;isLinked&quot;:true},&quot;element_pack_global_tooltip_padding_laptop&quot;:{&quot;unit&quot;:&quot;px&quot;,&quot;top&quot;:&quot;&quot;,&quot;right&quot;:&quot;&quot;,&quot;bottom&quot;:&quot;&quot;,&quot;left&quot;:&quot;&quot;,&quot;isLinked&quot;:true},&quot;element_pack_global_tooltip_padding_tablet&quot;:{&quot;unit&quot;:&quot;px&quot;,&quot;top&quot;:&quot;&quot;,&quot;right&quot;:&quot;&quot;,&quot;bottom&quot;:&quot;&quot;,&quot;left&quot;:&quot;&quot;,&quot;isLinked&quot;:true},&quot;element_pack_global_tooltip_padding_mobile&quot;:{&quot;unit&quot;:&quot;px&quot;,&quot;top&quot;:&quot;&quot;,&quot;right&quot;:&quot;&quot;,&quot;bottom&quot;:&quot;&quot;,&quot;left&quot;:&quot;&quot;,&quot;isLinked&quot;:true},&quot;element_pack_global_tooltip_border_radius&quot;:{&quot;unit&quot;:&quot;px&quot;,&quot;top&quot;:&quot;&quot;,&quot;right&quot;:&quot;&quot;,&quot;bottom&quot;:&quot;&quot;,&quot;left&quot;:&quot;&quot;,&quot;isLinked&quot;:true},&quot;element_pack_global_tooltip_border_radius_widescreen&quot;:{&quot;unit&quot;:&quot;px&quot;,&quot;top&quot;:&quot;&quot;,&quot;right&quot;:&quot;&quot;,&quot;bottom&quot;:&quot;&quot;,&quot;left&quot;:&quot;&quot;,&quot;isLinked&quot;:true},&quot;element_pack_global_tooltip_border_radius_laptop&quot;:{&quot;unit&quot;:&quot;px&quot;,&quot;top&quot;:&quot;&quot;,&quot;right&quot;:&quot;&quot;,&quot;bottom&quot;:&quot;&quot;,&quot;left&quot;:&quot;&quot;,&quot;isLinked&quot;:true},&quot;element_pack_global_tooltip_border_radius_tablet&quot;:{&quot;unit&quot;:&quot;px&quot;,&quot;top&quot;:&quot;&quot;,&quot;right&quot;:&quot;&quot;,&quot;bottom&quot;:&quot;&quot;,&quot;left&quot;:&quot;&quot;,&quot;isLinked&quot;:true},&quot;element_pack_global_tooltip_border_radius_mobile&quot;:{&quot;unit&quot;:&quot;px&quot;,&quot;top&quot;:&quot;&quot;,&quot;right&quot;:&quot;&quot;,&quot;bottom&quot;:&quot;&quot;,&quot;left&quot;:&quot;&quot;,&quot;isLinked&quot;:true}}\" data-elementor-post-type=\"page\">\n\t\t\t\t<div class=\"elementor-element elementor-element-3By9O8m e-con-full e-flex e-con e-parent\" data-id=\"3By9O8m\" data-element_type=\"container\" data-e-type=\"container\" data-settings=\"{&quot;section_parallax_on&quot;:&quot;yes&quot;}\">\n\t\t<div class=\"elementor-element elementor-element-EbsWfB4 e-con-full e-flex e-con e-child\" data-id=\"EbsWfB4\" data-element_type=\"container\" data-e-type=\"container\">\n\t\t\t\t<div class=\"elementor-element elementor-element-9e0e81f bdt-backdrop-filter-yes bdt-background-overlay-yes bdt-scroll-effect-yes bdt-scroll-effect-scroll_fill bdt-filter-backdrop elementor-widget elementor-widget-heading\" data-id=\"9e0e81f\" data-element_type=\"widget\" data-e-type=\"widget\" data-settings=\"{&quot;ep_widget_sf_fx_enable&quot;:&quot;yes&quot;,&quot;ep_widget_sf_fx_animation_type&quot;:&quot;scroll_fill&quot;}\" data-widget_type=\"heading.default\">\n\t\t\t\t<div class=\"elementor-widget-container\">\n\t\t\t\t\t<h2 class=\"elementor-heading-title elementor-size-default\">Implicarea cet\u0103\u021benilor, integrare \u0219i o mai bun\u0103 gestionare a patrimoniului cultural imaterial na\u021bional pentru a sensibiliza publicul cu privire la valorile comune europene \u2013 contextul UE, perspective \u0219i cet\u0103\u021benie activ\u0103<\/h2>\t\t\t\t<\/div>\n\t\t\t\t<\/div>\n\t\t\t\t<\/div>\n\t\t\t\t<div class=\"elementor-element elementor-element-gYQ1Whf elementor-widget__width-auto elementor-align-center elementor-button-info elementor-widget elementor-widget-button\" data-id=\"gYQ1Whf\" data-element_type=\"widget\" data-e-type=\"widget\" data-widget_type=\"button.default\">\n\t\t\t\t<div class=\"elementor-widget-container\">\n\t\t\t\t\t\t\t\t\t<div class=\"elementor-button-wrapper\">\n\t\t\t\t\t<a class=\"elementor-button elementor-button-link elementor-size-sm\" href=\"https:\/\/inthrace.unitbv.ro\/index.php\/en\/about-inthrace\/\">\n\t\t\t\t\t\t<span class=\"elementor-button-content-wrapper\">\n\t\t\t\t\t\t\t\t\t<span class=\"elementor-button-text\">Exploreaz\u0103<\/span>\n\t\t\t\t\t<\/span>\n\t\t\t\t\t<\/a>\n\t\t\t\t<\/div>\n\t\t\t\t\t\t\t\t<\/div>\n\t\t\t\t<\/div>\n\t\t\t\t<\/div>\n\t\t<div class=\"elementor-element elementor-element-1d212d3 element-pack-agbg-yes e-flex e-con-boxed e-con e-parent\" data-id=\"1d212d3\" data-element_type=\"container\" data-e-type=\"container\" data-settings=\"{&quot;element_pack_agbg_show&quot;:&quot;yes&quot;,&quot;element_pack_agbg_color_list&quot;:[{&quot;start_color&quot;:&quot;#0A9BF6&quot;,&quot;_id&quot;:&quot;fe3fdb1&quot;,&quot;end_color&quot;:&quot;#fefefe&quot;},{&quot;start_color&quot;:&quot;#567445&quot;,&quot;end_color&quot;:&quot;#1D1BE0&quot;,&quot;_id&quot;:&quot;0ab962e&quot;}],&quot;element_pack_agbg_direction&quot;:&quot;diagonal&quot;,&quot;element_pack_agbg_transitionSpeed&quot;:{&quot;unit&quot;:&quot;px&quot;,&quot;size&quot;:&quot;&quot;,&quot;sizes&quot;:[]}}\">\n\t\t\t\t\t<div class=\"e-con-inner\">\n\t\t<div class=\"elementor-element elementor-element-ba7a142 bdt-particles-yes e-con-full e-flex e-con e-child\" data-id=\"ba7a142\" data-element_type=\"container\" data-e-type=\"container\" data-settings=\"{&quot;section_particles_on&quot;:&quot;yes&quot;}\">\n\t\t<div class=\"elementor-element elementor-element-65779e9 e-con-full e-flex e-con e-child\" data-id=\"65779e9\" data-element_type=\"container\" data-e-type=\"container\">\n\t\t\t\t<div class=\"elementor-element elementor-element-062d8d8 elementor-widget elementor-widget-heading\" data-id=\"062d8d8\" data-element_type=\"widget\" data-e-type=\"widget\" data-widget_type=\"heading.default\">\n\t\t\t\t<div class=\"elementor-widget-container\">\n\t\t\t\t\t<h2 class=\"elementor-heading-title elementor-size-default\">Viziunea noastr\u0103 pentru un viitor comun<\/h2>\t\t\t\t<\/div>\n\t\t\t\t<\/div>\n\t\t\t\t<div class=\"elementor-element elementor-element-7ec6635 elementor-icon-list--layout-traditional elementor-list-item-link-full_width elementor-widget elementor-widget-icon-list\" data-id=\"7ec6635\" data-element_type=\"widget\" data-e-type=\"widget\" data-widget_type=\"icon-list.default\">\n\t\t\t\t<div class=\"elementor-widget-container\">\n\t\t\t\t\t\t\t<ul class=\"elementor-icon-list-items\">\n\t\t\t\t\t\t\t<li class=\"elementor-icon-list-item\">\n\t\t\t\t\t\t\t\t\t\t<span class=\"elementor-icon-list-text\">Consolidarea comunit\u0103\u021bilor prin patrimoniu cultural.<\/span>\n\t\t\t\t\t\t\t\t\t<\/li>\n\t\t\t\t\t\t\t\t<li class=\"elementor-icon-list-item\">\n\t\t\t\t\t\t\t\t\t\t<span class=\"elementor-icon-list-text\">Promovarea colabor\u0103rii pentru un impact durabil.<\/span>\n\t\t\t\t\t\t\t\t\t<\/li>\n\t\t\t\t\t\t\t\t<li class=\"elementor-icon-list-item\">\n\t\t\t\t\t\t\t\t\t\t<span class=\"elementor-icon-list-text\">S\u0103 ne bucur\u0103m \u00eempreun\u0103 de pove\u0219tile noastre culturale.<\/span>\n\t\t\t\t\t\t\t\t\t<\/li>\n\t\t\t\t\t\t<\/ul>\n\t\t\t\t\t\t<\/div>\n\t\t\t\t<\/div>\n\t\t\t\t<\/div>\n\t\t<div class=\"elementor-element elementor-element-f6532e7 e-con-full e-flex e-con e-child\" data-id=\"f6532e7\" data-element_type=\"container\" data-e-type=\"container\">\n\t\t\t\t<div class=\"elementor-element elementor-element-313cc15 elementor-widget elementor-widget-text-editor\" data-id=\"313cc15\" data-element_type=\"widget\" data-e-type=\"widget\" data-widget_type=\"text-editor.default\">\n\t\t\t\t<div class=\"elementor-widget-container\">\n\t\t\t\t\t\t\t\t\t<p>Identitatea noastr\u0103 european\u0103 se reflect\u0103 \u00een bog\u0103\u021bia patrimoniului nostru imaterial. Prin conectarea comunit\u0103\u021bilor la istoria lor, ne propunem s\u0103 promov\u0103m sentimentul de apartenen\u021b\u0103 \u0219i implicarea civic\u0103.<\/p><p>Aceast\u0103 viziune \u00eencurajeaz\u0103 colaborarea \u00eentre educatori, stimuleaz\u0103 dialogul \u0219i motiveaz\u0103 liderii locali s\u0103 ia m\u0103suri. \u00cempreun\u0103, putem pune \u00een valoare istoria noastr\u0103 comun\u0103 \u0219i ne putem construi viitorul colectiv, asigur\u00e2ndu-ne c\u0103 toate vocile sunt auzite \u00een povestea european\u0103.<\/p><p>\u00a0<\/p>\t\t\t\t\t\t\t\t<\/div>\n\t\t\t\t<\/div>\n\t\t\t\t<\/div>\n\t\t\t\t<\/div>\n\t\t\t\t\t<\/div>\n\t\t\t\t<\/div>\n\t\t<div class=\"elementor-element elementor-element-913ac61 e-flex e-con-boxed e-con e-parent\" data-id=\"913ac61\" data-element_type=\"container\" data-e-type=\"container\">\n\t\t\t\t\t<div class=\"e-con-inner\">\n\t\t\t\t<div class=\"elementor-element elementor-element-1b7ab9a elementor-pagination-type-bullets elementor-arrows-position-inside elementor-pagination-position-outside elementor-widget elementor-widget-loop-carousel\" data-id=\"1b7ab9a\" data-element_type=\"widget\" data-e-type=\"widget\" data-settings=\"{&quot;template_id&quot;:928,&quot;_skin&quot;:&quot;post&quot;,&quot;slides_to_show&quot;:&quot;3&quot;,&quot;slides_to_show_widescreen&quot;:&quot;3&quot;,&quot;slides_to_show_laptop&quot;:&quot;3&quot;,&quot;slides_to_show_tablet&quot;:&quot;2&quot;,&quot;slides_to_show_mobile&quot;:&quot;1&quot;,&quot;slides_to_scroll&quot;:&quot;1&quot;,&quot;edit_handle_selector&quot;:&quot;.elementor-loop-container&quot;,&quot;autoplay&quot;:&quot;yes&quot;,&quot;autoplay_speed&quot;:5000,&quot;pause_on_hover&quot;:&quot;yes&quot;,&quot;pause_on_interaction&quot;:&quot;yes&quot;,&quot;infinite&quot;:&quot;yes&quot;,&quot;speed&quot;:500,&quot;offset_sides&quot;:&quot;none&quot;,&quot;arrows&quot;:&quot;yes&quot;,&quot;pagination&quot;:&quot;bullets&quot;,&quot;image_spacing_custom&quot;:{&quot;unit&quot;:&quot;px&quot;,&quot;size&quot;:10,&quot;sizes&quot;:[]},&quot;image_spacing_custom_widescreen&quot;:{&quot;unit&quot;:&quot;px&quot;,&quot;size&quot;:&quot;&quot;,&quot;sizes&quot;:[]},&quot;image_spacing_custom_laptop&quot;:{&quot;unit&quot;:&quot;px&quot;,&quot;size&quot;:&quot;&quot;,&quot;sizes&quot;:[]},&quot;image_spacing_custom_tablet&quot;:{&quot;unit&quot;:&quot;px&quot;,&quot;size&quot;:&quot;&quot;,&quot;sizes&quot;:[]},&quot;image_spacing_custom_mobile&quot;:{&quot;unit&quot;:&quot;px&quot;,&quot;size&quot;:&quot;&quot;,&quot;sizes&quot;:[]}}\" data-widget_type=\"loop-carousel.post\">\n\t\t\t\t<div class=\"elementor-widget-container\">\n\t\t\t\t\t\t\t<div class=\"swiper elementor-loop-container elementor-grid\" role=\"list\" dir=\"ltr\">\n\t\t\t\t<div class=\"swiper-wrapper\" aria-live=\"off\">\n\t\t<style id=\"loop-928\">.elementor-928 .elementor-element.elementor-element-436a5db{--display:flex;--flex-direction:row;--container-widget-width:initial;--container-widget-height:100%;--container-widget-flex-grow:1;--container-widget-align-self:stretch;--flex-wrap-mobile:wrap;--gap:0px 0px;--row-gap:0px;--column-gap:0px;--flex-wrap:wrap;}.elementor-928 .elementor-element.elementor-element-436a5db.e-con{--flex-grow:0;--flex-shrink:0;}.elementor-928 .elementor-element.elementor-element-0fab58f{--display:flex;--flex-direction:column;--container-widget-width:100%;--container-widget-height:initial;--container-widget-flex-grow:0;--container-widget-align-self:initial;--flex-wrap-mobile:wrap;}.elementor-928 .elementor-element.elementor-element-d325838{--display:flex;--flex-direction:column;--container-widget-width:100%;--container-widget-height:initial;--container-widget-flex-grow:0;--container-widget-align-self:initial;--flex-wrap-mobile:wrap;}.elementor-928 .elementor-element.elementor-element-fc7875a{--display:flex;--flex-direction:column;--container-widget-width:100%;--container-widget-height:initial;--container-widget-flex-grow:0;--container-widget-align-self:initial;--flex-wrap-mobile:wrap;}.elementor-928 .elementor-element.elementor-element-f586d1a{--display:flex;--flex-direction:column;--container-widget-width:100%;--container-widget-height:initial;--container-widget-flex-grow:0;--container-widget-align-self:initial;--flex-wrap-mobile:wrap;}.elementor-928 .elementor-element.elementor-element-4b3a10d{--display:flex;--flex-direction:column;--container-widget-width:100%;--container-widget-height:initial;--container-widget-flex-grow:0;--container-widget-align-self:initial;--flex-wrap-mobile:wrap;}.elementor-928 .elementor-element.elementor-element-f981225{--display:flex;--flex-direction:column;--container-widget-width:100%;--container-widget-height:initial;--container-widget-flex-grow:0;--container-widget-align-self:initial;--flex-wrap-mobile:wrap;}@media(min-width:766px){.elementor-928 .elementor-element.elementor-element-436a5db{--width:100%;}.elementor-928 .elementor-element.elementor-element-0fab58f{--width:33.3333%;}.elementor-928 .elementor-element.elementor-element-d325838{--width:33.3333%;}.elementor-928 .elementor-element.elementor-element-fc7875a{--width:33.3333%;}.elementor-928 .elementor-element.elementor-element-f586d1a{--width:33.3333%;}.elementor-928 .elementor-element.elementor-element-4b3a10d{--width:33.3333%;}.elementor-928 .elementor-element.elementor-element-f981225{--width:33.3333%;}}<\/style>\t\t<div data-elementor-type=\"loop-item\" data-elementor-id=\"928\" class=\"elementor elementor-928 swiper-slide e-loop-item e-loop-item-1 post-1 post type-post status-publish format-standard hentry category-uncategorized-en\" data-elementor-post-type=\"elementor_library\" role=\"group\" aria-roledescription=\"slide\" data-custom-edit-handle=\"1\">\n\t\t\t<div class=\"elementor-element elementor-element-436a5db e-con-full e-flex e-con e-parent\" data-id=\"436a5db\" data-element_type=\"container\" data-e-type=\"container\">\n\t\t<div class=\"elementor-element elementor-element-0fab58f e-con-full e-flex e-con e-child\" data-id=\"0fab58f\" data-element_type=\"container\" data-e-type=\"container\">\n\t\t\t\t<\/div>\n\t\t<div class=\"elementor-element elementor-element-d325838 e-con-full e-flex e-con e-child\" data-id=\"d325838\" data-element_type=\"container\" data-e-type=\"container\">\n\t\t\t\t<\/div>\n\t\t<div class=\"elementor-element elementor-element-fc7875a e-con-full e-flex e-con e-child\" data-id=\"fc7875a\" data-element_type=\"container\" data-e-type=\"container\">\n\t\t\t\t<\/div>\n\t\t<div class=\"elementor-element elementor-element-f586d1a e-con-full e-flex e-con e-child\" data-id=\"f586d1a\" data-element_type=\"container\" data-e-type=\"container\">\n\t\t\t\t<\/div>\n\t\t<div class=\"elementor-element elementor-element-4b3a10d e-con-full e-flex e-con e-child\" data-id=\"4b3a10d\" data-element_type=\"container\" data-e-type=\"container\">\n\t\t\t\t<\/div>\n\t\t<div class=\"elementor-element elementor-element-f981225 e-con-full e-flex e-con e-child\" data-id=\"f981225\" data-element_type=\"container\" data-e-type=\"container\">\n\t\t\t\t<\/div>\n\t\t\t\t<\/div>\n\t\t\t\t<\/div>\n\t\t\t\t<\/div>\n\t\t<\/div>\n\t\t\t\t\t<div class=\"elementor-swiper-button elementor-swiper-button-prev\" role=\"button\" tabindex=\"0\" aria-label=\"Previous\">\n\t\t\t\t<svg aria-hidden=\"true\" class=\"e-font-icon-svg e-eicon-chevron-left\" viewBox=\"0 0 1000 1000\" xmlns=\"http:\/\/www.w3.org\/2000\/svg\"><path d=\"M646 125C629 125 613 133 604 142L308 442C296 454 292 471 292 487 292 504 296 521 308 533L604 854C617 867 629 875 646 875 663 875 679 871 692 858 704 846 713 829 713 812 713 796 708 779 692 767L438 487 692 225C700 217 708 204 708 187 708 171 704 154 692 142 675 129 663 125 646 125Z\"><\/path><\/svg>\t\t\t<\/div>\n\t\t\t<div class=\"elementor-swiper-button elementor-swiper-button-next\" role=\"button\" tabindex=\"0\" aria-label=\"Next\">\n\t\t\t\t<svg aria-hidden=\"true\" class=\"e-font-icon-svg e-eicon-chevron-right\" viewBox=\"0 0 1000 1000\" xmlns=\"http:\/\/www.w3.org\/2000\/svg\"><path d=\"M696 533C708 521 713 504 713 487 713 471 708 454 696 446L400 146C388 133 375 125 354 125 338 125 325 129 313 142 300 154 292 171 292 187 292 204 296 221 308 233L563 492 304 771C292 783 288 800 288 817 288 833 296 850 308 863 321 871 338 875 354 875 371 875 388 867 400 854L696 533Z\"><\/path><\/svg>\t\t\t<\/div>\n\t\t\t\t\t<div class=\"swiper-pagination\"><\/div>\n\t\t\t\t\t\t<\/div>\n\t\t\t\t<\/div>\n\t\t\t\t\t<\/div>\n\t\t\t\t<\/div>\n\t\t\t\t<\/div>\n\t\t","protected":false},"excerpt":{"rendered":"<p>Implicarea cet\u0103\u021benilor, integrare \u0219i o mai bun\u0103 gestionare a patrimoniului cultural imaterial na\u021bional pentru a sensibiliza publicul cu privire la valorile comune europene \u2013 contextul UE, perspective \u0219i cet\u0103\u021benie activ\u0103 Exploreaz\u0103 Viziunea noastr\u0103 pentru un viitor comun Consolidarea comunit\u0103\u021bilor prin patrimoniu cultural. Promovarea colabor\u0103rii pentru un impact durabil. S\u0103 ne bucur\u0103m \u00eempreun\u0103 de pove\u0219tile noastre culturale. Identitatea noastr\u0103 european\u0103 se reflect\u0103 \u00een bog\u0103\u021bia patrimoniului nostru imaterial. Prin conectarea comunit\u0103\u021bilor la istoria lor, ne propunem s\u0103 promov\u0103m sentimentul de apartenen\u021b\u0103 \u0219i implicarea civic\u0103. Aceast\u0103 viziune \u00eencurajeaz\u0103 colaborarea \u00eentre educatori, stimuleaz\u0103 dialogul \u0219i motiveaz\u0103 liderii locali s\u0103 ia m\u0103suri. \u00cempreun\u0103, putem pune \u00een valoare istoria noastr\u0103 comun\u0103 \u0219i ne putem construi viitorul colectiv, asigur\u00e2ndu-ne c\u0103 toate vocile sunt auzite \u00een povestea european\u0103. \u00a0<\/p>\n","protected":false},"author":1,"featured_media":613,"parent":0,"menu_order":0,"comment_status":"closed","ping_status":"closed","template":"page-homepage.php","meta":{"footnotes":""},"folder":[],"class_list":["post-1011","page","type-page","status-publish","has-post-thumbnail","hentry"],"_links":{"self":[{"href":"https:\/\/inthrace.unitbv.ro\/index.php\/wp-json\/wp\/v2\/pages\/1011","targetHints":{"allow":["GET"]}}],"collection":[{"href":"https:\/\/inthrace.unitbv.ro\/index.php\/wp-json\/wp\/v2\/pages"}],"about":[{"href":"https:\/\/inthrace.unitbv.ro\/index.php\/wp-json\/wp\/v2\/types\/page"}],"author":[{"embeddable":true,"href":"https:\/\/inthrace.unitbv.ro\/index.php\/wp-json\/wp\/v2\/users\/1"}],"replies":[{"embeddable":true,"href":"https:\/\/inthrace.unitbv.ro\/index.php\/wp-json\/wp\/v2\/comments?post=1011"}],"version-history":[{"count":17,"href":"https:\/\/inthrace.unitbv.ro\/index.php\/wp-json\/wp\/v2\/pages\/1011\/revisions"}],"predecessor-version":[{"id":2486,"href":"https:\/\/inthrace.unitbv.ro\/index.php\/wp-json\/wp\/v2\/pages\/1011\/revisions\/2486"}],"wp:featuredmedia":[{"embeddable":true,"href":"https:\/\/inthrace.unitbv.ro\/index.php\/wp-json\/wp\/v2\/media\/613"}],"wp:attachment":[{"href":"https:\/\/inthrace.unitbv.ro\/index.php\/wp-json\/wp\/v2\/media?parent=1011"}],"wp:term":[{"taxonomy":"folder","embeddable":true,"href":"https:\/\/inthrace.unitbv.ro\/index.php\/wp-json\/wp\/v2\/folder?post=1011"}],"curies":[{"name":"wp","href":"https:\/\/api.w.org\/{rel}","templated":true}]}}